{"id":10055,"date":"2025-04-25T13:39:42","date_gmt":"2025-04-25T12:39:42","guid":{"rendered":"https:\/\/dermaduktaj.hr\/?page_id=10055"},"modified":"2025-04-25T14:13:00","modified_gmt":"2025-04-25T13:13:00","slug":"blog","status":"publish","type":"page","link":"https:\/\/dermaduktaj.hr\/index.php\/blog\/","title":{"rendered":"Ko\u017ea na prvom mjestu"},"content":{"rendered":"\t\t<div data-elementor-type=\"wp-page\" data-elementor-id=\"10055\" class=\"elementor elementor-10055\">\n\t\t\t\t<div class=\"elementor-element elementor-element-534a078 e-flex e-con-boxed e-con e-parent\" data-id=\"534a078\" data-element_type=\"container\" data-e-type=\"container\">\n\t\t\t\t\t<div class=\"e-con-inner\">\n\t\t\t\t<div class=\"elementor-element elementor-element-b512bf3 meta-visibility-show title_position_default title_hover_border_default title-default img_hover_animation_default meta_position_default tpg-is-author-icon-show author-image-visibility-icon readmore-btn-default-style grid-hover-overlay-type-always tpg-el-box-border-enable tpg-border-bottom-disable elementor-widget elementor-widget-tpg-grid-layout\" data-id=\"b512bf3\" data-element_type=\"widget\" data-e-type=\"widget\" data-widget_type=\"tpg-grid-layout.default\">\n\t\t\t\t<div class=\"elementor-widget-container\">\n\t\t\t\t\t\t\t<div class=\"rt-container-fluid rt-tpg-container tpg-el-main-wrapper clearfix grid-layout4-main \"\n\t\t\t id=\"rt-tpg-container-2625074170\"\n\t\t\t data-layout=\"grid-layout4\"\n\t\t\t data-grid-style=\"tpg-full-height\"\n\t\t\t data-sc-id=\"elementor\"\n\t\t\t data-el-settings=''\n\t\t\t data-el-query=''\n\t\t\t data-el-path=''\n\t\t>\n\t\t\t\t\t\t<div class='tpg-header-wrapper '>\n\t\t\t\t\t\t\t<\/div>\n\n\t\t\t<div data-title=\"Loading ...\" class=\"rt-row rt-content-loader grid-layout4 grid-behaviour tpg-full-height grid_layout_wrapper\">\n\t\t\t\t\n<div class=\"rt-col-md-4 rt-col-sm-6 rt-col-xs-12 default rt-grid-item\" data-id=\"10135\">\n\t<div class=\"rt-holder tpg-post-holder \">\n\t\t<div class=\"rt-detail rt-el-content-wrapper\">\n\t\t\t\t\t\t\t<div class=\"rt-img-holder tpg-el-image-wrap has-thumbnail\">\n\t\t\t\t\t<a data-id=\"10135\" href=\"https:\/\/dermaduktaj.hr\/index.php\/2025\/04\/24\/sklerozacija-vena-ucinkovito-rjesenje-za-prosirene-kapilare-i-vene\/\" class=\"tpg-post-link\" target=\"_self\">                        <img fetchpriority=\"high\" decoding=\"async\" src=\"https:\/\/dermaduktaj.hr\/wp-content\/uploads\/2024\/10\/IA_brand-storytelling-fotografija_SD_Zabok_2024-112_websize-\u2013-kopija-768x1154.jpg\"\n                             class=\"rt-img-responsive\"\n                             width=\"768\"\n                             height=\"1154\"\n                             alt=\"Sklerozacija vena \u2013 u\u010dinkovito rje\u0161enje za pro\u0161irene kapilare i vene\">\n\t\t\t\t\t\t\n\t\t\t\t\t\t\t\n\t\t<\/a>\n\t\t        <div class=\"overlay grid-hover-content\"><\/div>\n\t\t\t\t\t\t<\/div>\n\t\t\t\n\t\t\t<div class=\"entry-title-wrapper\"><h3 class=\"entry-title\"><a data-id=\"10135\" href=\"https:\/\/dermaduktaj.hr\/index.php\/2025\/04\/24\/sklerozacija-vena-ucinkovito-rjesenje-za-prosirene-kapilare-i-vene\/\" class=\"tpg-post-link\" target=\"_self\">Sklerozacija vena \u2013 u\u010dinkovito rje\u0161enje za pro\u0161irene kapilare i vene<\/a><\/h3><\/div>\n\t\t\t\t\t\t\t<div class=\"post-meta-tags rt-el-post-meta\">\n\t\t\t\t\t            <span class='author '>\n\n\t\t\t\t<i class='fa fa-user '><\/i><span class='author-prefix'>By<\/span><a href=\"https:\/\/dermaduktaj.hr\/index.php\/author\/ssduktajgmail-com\/\">Sandra Stani\u0107 Duktaj<\/a>\t\t\t<\/span>\n\t\t\t            <span class='date'>\n\t\t\t\t<i class='far fa-calendar-alt '><\/i>\t\t\t\t                    <a href=\"https:\/\/dermaduktaj.hr\/index.php\/2025\/04\/24\/\">\n\t\t\t\t\t24.04.2025\t\t\t\t<\/a>\n\t\t\t\t\t\t\t<\/span>\n\t\t\t\t\t\t\t<\/div>\n\t\t\t\n\t\t\t\t\t\t\t<div class=\"tpg-excerpt tpg-el-excerpt\">\n\t\t\t\t\t\t\t\t\t\t\t<div class=\"tpg-excerpt-inner\">\n\t\t\t\t\t\t\tSklerozacija vena je minimalno invazivni medicinski postupak koji se koristi za uklanjanje pro\u0161irenih kapilara i manjih varikoznih vena, naj\u010de\u0161\u0107e na nogama. Tijekom zahvata, u o\u0161te\u0107ene vene ubrizgava...\t\t\t\t\t\t<\/div>\n\t\t\t\t\t\t\t\t\t\t\t\t\t\t<\/div>\n\t\t\t\n\t\t\t        <div class=\"post-footer\">\n            <div class=\"post-footer\">\n                <div class=\"read-more\">\n\t\t\t\t\t<a data-id=\"10135\" href=\"https:\/\/dermaduktaj.hr\/index.php\/2025\/04\/24\/sklerozacija-vena-ucinkovito-rjesenje-za-prosirene-kapilare-i-vene\/\" class=\"tpg-post-link\" target=\"_self\">Pro\u010ditaj vi\u0161e<\/a>                <\/div>\n            <\/div>\n        <\/div>\n\t\t\t\t<\/div>\n\t<\/div>\n<\/div>\n\n<div class=\"rt-col-md-4 rt-col-sm-6 rt-col-xs-12 default rt-grid-item\" data-id=\"10132\">\n\t<div class=\"rt-holder tpg-post-holder \">\n\t\t<div class=\"rt-detail rt-el-content-wrapper\">\n\t\t\t\t\t\t\t<div class=\"rt-img-holder tpg-el-image-wrap has-thumbnail\">\n\t\t\t\t\t<a data-id=\"10132\" href=\"https:\/\/dermaduktaj.hr\/index.php\/2025\/04\/17\/krioterapija-brzo-i-ucinkovito-uklanjanje-koznih-promjena-smrzavanjem\/\" class=\"tpg-post-link\" target=\"_self\">                        <img decoding=\"async\" src=\"https:\/\/dermaduktaj.hr\/wp-content\/uploads\/2024\/10\/IA_brand-storytelling-fotografija_SD_Zabok_2024-68_websize-768x511.jpg\"\n                             class=\"rt-img-responsive\"\n                             width=\"768\"\n                             height=\"511\"\n                             alt=\"Krioterapija &#8211; brzo i u\u010dinkovito uklanjanje ko\u017enih promjena smrzavanjem\">\n\t\t\t\t\t\t\n\t\t\t\t\t\t\t\n\t\t<\/a>\n\t\t        <div class=\"overlay grid-hover-content\"><\/div>\n\t\t\t\t\t\t<\/div>\n\t\t\t\n\t\t\t<div class=\"entry-title-wrapper\"><h3 class=\"entry-title\"><a data-id=\"10132\" href=\"https:\/\/dermaduktaj.hr\/index.php\/2025\/04\/17\/krioterapija-brzo-i-ucinkovito-uklanjanje-koznih-promjena-smrzavanjem\/\" class=\"tpg-post-link\" target=\"_self\">Krioterapija &#8211; brzo i u\u010dinkovito uklanjanje ko\u017enih promjena smrzavanjem<\/a><\/h3><\/div>\n\t\t\t\t\t\t\t<div class=\"post-meta-tags rt-el-post-meta\">\n\t\t\t\t\t            <span class='author '>\n\n\t\t\t\t<i class='fa fa-user '><\/i><span class='author-prefix'>By<\/span><a href=\"https:\/\/dermaduktaj.hr\/index.php\/author\/ssduktajgmail-com\/\">Sandra Stani\u0107 Duktaj<\/a>\t\t\t<\/span>\n\t\t\t            <span class='date'>\n\t\t\t\t<i class='far fa-calendar-alt '><\/i>\t\t\t\t                    <a href=\"https:\/\/dermaduktaj.hr\/index.php\/2025\/04\/17\/\">\n\t\t\t\t\t17.04.2025\t\t\t\t<\/a>\n\t\t\t\t\t\t\t<\/span>\n\t\t\t\t\t\t\t<\/div>\n\t\t\t\n\t\t\t\t\t\t\t<div class=\"tpg-excerpt tpg-el-excerpt\">\n\t\t\t\t\t\t\t\t\t\t\t<div class=\"tpg-excerpt-inner\">\n\t\t\t\t\t\t\tKrioterapija, poznata i kao terapija smrzavanjem, koristi ekstremno niske temperature za uklanjanje ne\u017eeljenih ko\u017enih promjena poput virusnih bradavica, aktini\u010dnih keratoza, seboroi\u010dnih keratoza i...\t\t\t\t\t\t<\/div>\n\t\t\t\t\t\t\t\t\t\t\t\t\t\t<\/div>\n\t\t\t\n\t\t\t        <div class=\"post-footer\">\n            <div class=\"post-footer\">\n                <div class=\"read-more\">\n\t\t\t\t\t<a data-id=\"10132\" href=\"https:\/\/dermaduktaj.hr\/index.php\/2025\/04\/17\/krioterapija-brzo-i-ucinkovito-uklanjanje-koznih-promjena-smrzavanjem\/\" class=\"tpg-post-link\" target=\"_self\">Pro\u010ditaj vi\u0161e<\/a>                <\/div>\n            <\/div>\n        <\/div>\n\t\t\t\t<\/div>\n\t<\/div>\n<\/div>\n\n<div class=\"rt-col-md-4 rt-col-sm-6 rt-col-xs-12 default rt-grid-item\" data-id=\"10129\">\n\t<div class=\"rt-holder tpg-post-holder \">\n\t\t<div class=\"rt-detail rt-el-content-wrapper\">\n\t\t\t\t\t\t\t<div class=\"rt-img-holder tpg-el-image-wrap has-thumbnail\">\n\t\t\t\t\t<a data-id=\"10129\" href=\"https:\/\/dermaduktaj.hr\/index.php\/2025\/04\/10\/pregled-madeza-dermatoskopom-prvi-korak-u-prevenciji-raka-koze\/\" class=\"tpg-post-link\" target=\"_self\">                        <img decoding=\"async\" src=\"https:\/\/dermaduktaj.hr\/wp-content\/uploads\/2024\/10\/IA_brand-storytelling-fotografija_SD_Zabok_2024-24_websize-768x511.jpg\"\n                             class=\"rt-img-responsive\"\n                             width=\"768\"\n                             height=\"511\"\n                             alt=\"Pregled made\u017ea dermatoskopom \u2013 prvi korak u prevenciji raka ko\u017ee\">\n\t\t\t\t\t\t\n\t\t\t\t\t\t\t\n\t\t<\/a>\n\t\t        <div class=\"overlay grid-hover-content\"><\/div>\n\t\t\t\t\t\t<\/div>\n\t\t\t\n\t\t\t<div class=\"entry-title-wrapper\"><h3 class=\"entry-title\"><a data-id=\"10129\" href=\"https:\/\/dermaduktaj.hr\/index.php\/2025\/04\/10\/pregled-madeza-dermatoskopom-prvi-korak-u-prevenciji-raka-koze\/\" class=\"tpg-post-link\" target=\"_self\">Pregled made\u017ea dermatoskopom \u2013 prvi korak u prevenciji raka ko\u017ee<\/a><\/h3><\/div>\n\t\t\t\t\t\t\t<div class=\"post-meta-tags rt-el-post-meta\">\n\t\t\t\t\t            <span class='author '>\n\n\t\t\t\t<i class='fa fa-user '><\/i><span class='author-prefix'>By<\/span><a href=\"https:\/\/dermaduktaj.hr\/index.php\/author\/ssduktajgmail-com\/\">Sandra Stani\u0107 Duktaj<\/a>\t\t\t<\/span>\n\t\t\t            <span class='date'>\n\t\t\t\t<i class='far fa-calendar-alt '><\/i>\t\t\t\t                    <a href=\"https:\/\/dermaduktaj.hr\/index.php\/2025\/04\/10\/\">\n\t\t\t\t\t10.04.2025\t\t\t\t<\/a>\n\t\t\t\t\t\t\t<\/span>\n\t\t\t\t\t\t\t<\/div>\n\t\t\t\n\t\t\t\t\t\t\t<div class=\"tpg-excerpt tpg-el-excerpt\">\n\t\t\t\t\t\t\t\t\t\t\t<div class=\"tpg-excerpt-inner\">\n\t\t\t\t\t\t\tDermatoskopski pregled made\u017ea jedan je od najva\u017enijih dijagnosti\u010dkih alata moderne dermatologije. Dermatoskop je specijalizirani instrument koji dermatolozima omogu\u0107uje detaljan uvid u strukturu...\t\t\t\t\t\t<\/div>\n\t\t\t\t\t\t\t\t\t\t\t\t\t\t<\/div>\n\t\t\t\n\t\t\t        <div class=\"post-footer\">\n            <div class=\"post-footer\">\n                <div class=\"read-more\">\n\t\t\t\t\t<a data-id=\"10129\" href=\"https:\/\/dermaduktaj.hr\/index.php\/2025\/04\/10\/pregled-madeza-dermatoskopom-prvi-korak-u-prevenciji-raka-koze\/\" class=\"tpg-post-link\" target=\"_self\">Pro\u010ditaj vi\u0161e<\/a>                <\/div>\n            <\/div>\n        <\/div>\n\t\t\t\t<\/div>\n\t<\/div>\n<\/div>\n\n<div class=\"rt-col-md-4 rt-col-sm-6 rt-col-xs-12 default rt-grid-item\" data-id=\"10083\">\n\t<div class=\"rt-holder tpg-post-holder \">\n\t\t<div class=\"rt-detail rt-el-content-wrapper\">\n\t\t\t\t\t\t\t<div class=\"rt-img-holder tpg-el-image-wrap has-thumbnail\">\n\t\t\t\t\t<a data-id=\"10083\" href=\"https:\/\/dermaduktaj.hr\/index.php\/2025\/04\/03\/dermatologija-danas\/\" class=\"tpg-post-link\" target=\"_self\">                        <img loading=\"lazy\" decoding=\"async\" src=\"https:\/\/dermaduktaj.hr\/wp-content\/uploads\/2024\/10\/IA_brand-storytelling-fotografija_SD_Zabok_2024-91_websize-768x511.jpg\"\n                             class=\"rt-img-responsive\"\n                             width=\"768\"\n                             height=\"511\"\n                             alt=\"Dermatologija danas\">\n\t\t\t\t\t\t\n\t\t\t\t\t\t\t\n\t\t<\/a>\n\t\t        <div class=\"overlay grid-hover-content\"><\/div>\n\t\t\t\t\t\t<\/div>\n\t\t\t\n\t\t\t<div class=\"entry-title-wrapper\"><h3 class=\"entry-title\"><a data-id=\"10083\" href=\"https:\/\/dermaduktaj.hr\/index.php\/2025\/04\/03\/dermatologija-danas\/\" class=\"tpg-post-link\" target=\"_self\">Dermatologija danas<\/a><\/h3><\/div>\n\t\t\t\t\t\t\t<div class=\"post-meta-tags rt-el-post-meta\">\n\t\t\t\t\t            <span class='author '>\n\n\t\t\t\t<i class='fa fa-user '><\/i><span class='author-prefix'>By<\/span><a href=\"https:\/\/dermaduktaj.hr\/index.php\/author\/ssduktajgmail-com\/\">Sandra Stani\u0107 Duktaj<\/a>\t\t\t<\/span>\n\t\t\t            <span class='date'>\n\t\t\t\t<i class='far fa-calendar-alt '><\/i>\t\t\t\t                    <a href=\"https:\/\/dermaduktaj.hr\/index.php\/2025\/04\/03\/\">\n\t\t\t\t\t03.04.2025\t\t\t\t<\/a>\n\t\t\t\t\t\t\t<\/span>\n\t\t\t\t\t\t\t<\/div>\n\t\t\t\n\t\t\t\t\t\t\t<div class=\"tpg-excerpt tpg-el-excerpt\">\n\t\t\t\t\t\t\t\t\t\t\t<div class=\"tpg-excerpt-inner\">\n\t\t\t\t\t\t\tDermatologija je grana medicine koja se bavi zdravljem ko\u017ee, kose i noktiju, a obuhva\u0107a \u0161irok spektar stanja \u2013 od blagih i estetskih problema poput akni, mitesera i hiperpigmentacija, do ozbiljnijih...\t\t\t\t\t\t<\/div>\n\t\t\t\t\t\t\t\t\t\t\t\t\t\t<\/div>\n\t\t\t\n\t\t\t        <div class=\"post-footer\">\n            <div class=\"post-footer\">\n                <div class=\"read-more\">\n\t\t\t\t\t<a data-id=\"10083\" href=\"https:\/\/dermaduktaj.hr\/index.php\/2025\/04\/03\/dermatologija-danas\/\" class=\"tpg-post-link\" target=\"_self\">Pro\u010ditaj vi\u0161e<\/a>                <\/div>\n            <\/div>\n        <\/div>\n\t\t\t\t<\/div>\n\t<\/div>\n<\/div>\n\t\t\t<\/div>\n\t\t\t\n\t\t<\/div>\n\t\t\t\t\t\t<\/div>\n\t\t\t\t<\/div>\n\t\t\t\t\t<\/div>\n\t\t\t\t<\/div>\n\t\t<div class=\"elementor-element elementor-element-5594f27 e-flex e-con-boxed e-con e-parent\" data-id=\"5594f27\" data-element_type=\"container\" data-e-type=\"container\">\n\t\t\t\t\t<div class=\"e-con-inner\">\n\t\t\t\t\t<\/div>\n\t\t\t\t<\/div>\n\t\t\t\t<\/div>\n\t\t","protected":false},"excerpt":{"rendered":"<p>Sklerozacija vena \u2013 u\u010dinkovito rje\u0161enje za pro\u0161irene kapilare i vene BySandra Stani\u0107 Duktaj April 24, 2025 Sklerozacija vena je minimalno invazivni medicinski postupak koji se koristi za uklanjanje pro\u0161irenih kapilara i manjih varikoznih vena, naj\u010de\u0161\u0107e na nogama. Tijekom zahvata, u o\u0161te\u0107ene vene ubrizgava&#8230; Pro\u010ditaj vi\u0161e Krioterapija &#8211; brzo i u\u010dinkovito uklanjanje ko\u017enih promjena smrzavanjem BySandra [&hellip;]<\/p>\n","protected":false},"author":1,"featured_media":0,"parent":0,"menu_order":0,"comment_status":"closed","ping_status":"closed","template":"","meta":{"footnotes":""},"class_list":["post-10055","page","type-page","status-publish","hentry"],"yoast_head":"<!-- This site is optimized with the Yoast SEO plugin v27.3 - https:\/\/yoast.com\/product\/yoast-seo-wordpress\/ -->\n<title>Ko\u017ea na prvom mjestu - dermaduktaj.hr<\/title>\n<meta name=\"robots\" content=\"index, follow, max-snippet:-1, max-image-preview:large, max-video-preview:-1\" \/>\n<link rel=\"canonical\" href=\"https:\/\/dermaduktaj.hr\/index.php\/blog\/\" \/>\n<meta property=\"og:locale\" content=\"en_US\" \/>\n<meta property=\"og:type\" content=\"article\" \/>\n<meta property=\"og:title\" content=\"Ko\u017ea na prvom mjestu - dermaduktaj.hr\" \/>\n<meta property=\"og:description\" content=\"Sklerozacija vena \u2013 u\u010dinkovito rje\u0161enje za pro\u0161irene kapilare i vene BySandra Stani\u0107 Duktaj April 24, 2025 Sklerozacija vena je minimalno invazivni medicinski postupak koji se koristi za uklanjanje pro\u0161irenih kapilara i manjih varikoznih vena, naj\u010de\u0161\u0107e na nogama. Tijekom zahvata, u o\u0161te\u0107ene vene ubrizgava&#8230; Pro\u010ditaj vi\u0161e Krioterapija &#8211; brzo i u\u010dinkovito uklanjanje ko\u017enih promjena smrzavanjem BySandra [&hellip;]\" \/>\n<meta property=\"og:url\" content=\"https:\/\/dermaduktaj.hr\/index.php\/blog\/\" \/>\n<meta property=\"og:site_name\" content=\"dermaduktaj.hr\" \/>\n<meta property=\"article:modified_time\" content=\"2025-04-25T13:13:00+00:00\" \/>\n<meta property=\"og:image\" content=\"https:\/\/dermaduktaj.hr\/wp-content\/uploads\/2024\/10\/IA_brand-storytelling-fotografija_SD_Zabok_2024-68_websize-768x511.jpg\" \/>\n<meta name=\"twitter:card\" content=\"summary_large_image\" \/>\n<meta name=\"twitter:label1\" content=\"Est. reading time\" \/>\n\t<meta name=\"twitter:data1\" content=\"2 minutes\" \/>\n<script type=\"application\/ld+json\" class=\"yoast-schema-graph\">{\"@context\":\"https:\\\/\\\/schema.org\",\"@graph\":[{\"@type\":\"WebPage\",\"@id\":\"https:\\\/\\\/dermaduktaj.hr\\\/index.php\\\/blog\\\/\",\"url\":\"https:\\\/\\\/dermaduktaj.hr\\\/index.php\\\/blog\\\/\",\"name\":\"Ko\u017ea na prvom mjestu - dermaduktaj.hr\",\"isPartOf\":{\"@id\":\"https:\\\/\\\/dermaduktaj.hr\\\/#website\"},\"primaryImageOfPage\":{\"@id\":\"https:\\\/\\\/dermaduktaj.hr\\\/index.php\\\/blog\\\/#primaryimage\"},\"image\":{\"@id\":\"https:\\\/\\\/dermaduktaj.hr\\\/index.php\\\/blog\\\/#primaryimage\"},\"thumbnailUrl\":\"https:\\\/\\\/dermaduktaj.hr\\\/wp-content\\\/uploads\\\/2024\\\/10\\\/IA_brand-storytelling-fotografija_SD_Zabok_2024-68_websize-768x511.jpg\",\"datePublished\":\"2025-04-25T12:39:42+00:00\",\"dateModified\":\"2025-04-25T13:13:00+00:00\",\"breadcrumb\":{\"@id\":\"https:\\\/\\\/dermaduktaj.hr\\\/index.php\\\/blog\\\/#breadcrumb\"},\"inLanguage\":\"en-US\",\"potentialAction\":[{\"@type\":\"ReadAction\",\"target\":[\"https:\\\/\\\/dermaduktaj.hr\\\/index.php\\\/blog\\\/\"]}]},{\"@type\":\"ImageObject\",\"inLanguage\":\"en-US\",\"@id\":\"https:\\\/\\\/dermaduktaj.hr\\\/index.php\\\/blog\\\/#primaryimage\",\"url\":\"https:\\\/\\\/dermaduktaj.hr\\\/wp-content\\\/uploads\\\/2024\\\/10\\\/IA_brand-storytelling-fotografija_SD_Zabok_2024-68_websize.jpg\",\"contentUrl\":\"https:\\\/\\\/dermaduktaj.hr\\\/wp-content\\\/uploads\\\/2024\\\/10\\\/IA_brand-storytelling-fotografija_SD_Zabok_2024-68_websize.jpg\",\"width\":1600,\"height\":1065},{\"@type\":\"BreadcrumbList\",\"@id\":\"https:\\\/\\\/dermaduktaj.hr\\\/index.php\\\/blog\\\/#breadcrumb\",\"itemListElement\":[{\"@type\":\"ListItem\",\"position\":1,\"name\":\"Home\",\"item\":\"https:\\\/\\\/dermaduktaj.hr\\\/\"},{\"@type\":\"ListItem\",\"position\":2,\"name\":\"Ko\u017ea na prvom mjestu\"}]},{\"@type\":\"WebSite\",\"@id\":\"https:\\\/\\\/dermaduktaj.hr\\\/#website\",\"url\":\"https:\\\/\\\/dermaduktaj.hr\\\/\",\"name\":\"dermaduktaj.hr\",\"description\":\"Specijalisti\u010dka ordinacija za dermatologiju i venerologiju\",\"publisher\":{\"@id\":\"https:\\\/\\\/dermaduktaj.hr\\\/#organization\"},\"potentialAction\":[{\"@type\":\"SearchAction\",\"target\":{\"@type\":\"EntryPoint\",\"urlTemplate\":\"https:\\\/\\\/dermaduktaj.hr\\\/?s={search_term_string}\"},\"query-input\":{\"@type\":\"PropertyValueSpecification\",\"valueRequired\":true,\"valueName\":\"search_term_string\"}}],\"inLanguage\":\"en-US\"},{\"@type\":\"Organization\",\"@id\":\"https:\\\/\\\/dermaduktaj.hr\\\/#organization\",\"name\":\"Specijalisti\u010dka ordinacija za dermatologiju i venerologiju Sandra Stani\u0107 Duktaj\",\"url\":\"https:\\\/\\\/dermaduktaj.hr\\\/\",\"logo\":{\"@type\":\"ImageObject\",\"inLanguage\":\"en-US\",\"@id\":\"https:\\\/\\\/dermaduktaj.hr\\\/#\\\/schema\\\/logo\\\/image\\\/\",\"url\":\"https:\\\/\\\/dermaduktaj.hr\\\/wp-content\\\/uploads\\\/2024\\\/08\\\/monogram_tamni_500x500.png\",\"contentUrl\":\"https:\\\/\\\/dermaduktaj.hr\\\/wp-content\\\/uploads\\\/2024\\\/08\\\/monogram_tamni_500x500.png\",\"width\":500,\"height\":437,\"caption\":\"Specijalisti\u010dka ordinacija za dermatologiju i venerologiju Sandra Stani\u0107 Duktaj\"},\"image\":{\"@id\":\"https:\\\/\\\/dermaduktaj.hr\\\/#\\\/schema\\\/logo\\\/image\\\/\"}}]}<\/script>\n<!-- \/ Yoast SEO plugin. -->","yoast_head_json":{"title":"Ko\u017ea na prvom mjestu - dermaduktaj.hr","robots":{"index":"index","follow":"follow","max-snippet":"max-snippet:-1","max-image-preview":"max-image-preview:large","max-video-preview":"max-video-preview:-1"},"canonical":"https:\/\/dermaduktaj.hr\/index.php\/blog\/","og_locale":"en_US","og_type":"article","og_title":"Ko\u017ea na prvom mjestu - dermaduktaj.hr","og_description":"Sklerozacija vena \u2013 u\u010dinkovito rje\u0161enje za pro\u0161irene kapilare i vene BySandra Stani\u0107 Duktaj April 24, 2025 Sklerozacija vena je minimalno invazivni medicinski postupak koji se koristi za uklanjanje pro\u0161irenih kapilara i manjih varikoznih vena, naj\u010de\u0161\u0107e na nogama. Tijekom zahvata, u o\u0161te\u0107ene vene ubrizgava&#8230; Pro\u010ditaj vi\u0161e Krioterapija &#8211; brzo i u\u010dinkovito uklanjanje ko\u017enih promjena smrzavanjem BySandra [&hellip;]","og_url":"https:\/\/dermaduktaj.hr\/index.php\/blog\/","og_site_name":"dermaduktaj.hr","article_modified_time":"2025-04-25T13:13:00+00:00","og_image":[{"url":"https:\/\/dermaduktaj.hr\/wp-content\/uploads\/2024\/10\/IA_brand-storytelling-fotografija_SD_Zabok_2024-68_websize-768x511.jpg","type":"","width":"","height":""}],"twitter_card":"summary_large_image","twitter_misc":{"Est. reading time":"2 minutes"},"schema":{"@context":"https:\/\/schema.org","@graph":[{"@type":"WebPage","@id":"https:\/\/dermaduktaj.hr\/index.php\/blog\/","url":"https:\/\/dermaduktaj.hr\/index.php\/blog\/","name":"Ko\u017ea na prvom mjestu - dermaduktaj.hr","isPartOf":{"@id":"https:\/\/dermaduktaj.hr\/#website"},"primaryImageOfPage":{"@id":"https:\/\/dermaduktaj.hr\/index.php\/blog\/#primaryimage"},"image":{"@id":"https:\/\/dermaduktaj.hr\/index.php\/blog\/#primaryimage"},"thumbnailUrl":"https:\/\/dermaduktaj.hr\/wp-content\/uploads\/2024\/10\/IA_brand-storytelling-fotografija_SD_Zabok_2024-68_websize-768x511.jpg","datePublished":"2025-04-25T12:39:42+00:00","dateModified":"2025-04-25T13:13:00+00:00","breadcrumb":{"@id":"https:\/\/dermaduktaj.hr\/index.php\/blog\/#breadcrumb"},"inLanguage":"en-US","potentialAction":[{"@type":"ReadAction","target":["https:\/\/dermaduktaj.hr\/index.php\/blog\/"]}]},{"@type":"ImageObject","inLanguage":"en-US","@id":"https:\/\/dermaduktaj.hr\/index.php\/blog\/#primaryimage","url":"https:\/\/dermaduktaj.hr\/wp-content\/uploads\/2024\/10\/IA_brand-storytelling-fotografija_SD_Zabok_2024-68_websize.jpg","contentUrl":"https:\/\/dermaduktaj.hr\/wp-content\/uploads\/2024\/10\/IA_brand-storytelling-fotografija_SD_Zabok_2024-68_websize.jpg","width":1600,"height":1065},{"@type":"BreadcrumbList","@id":"https:\/\/dermaduktaj.hr\/index.php\/blog\/#breadcrumb","itemListElement":[{"@type":"ListItem","position":1,"name":"Home","item":"https:\/\/dermaduktaj.hr\/"},{"@type":"ListItem","position":2,"name":"Ko\u017ea na prvom mjestu"}]},{"@type":"WebSite","@id":"https:\/\/dermaduktaj.hr\/#website","url":"https:\/\/dermaduktaj.hr\/","name":"dermaduktaj.hr","description":"Specijalisti\u010dka ordinacija za dermatologiju i venerologiju","publisher":{"@id":"https:\/\/dermaduktaj.hr\/#organization"},"potentialAction":[{"@type":"SearchAction","target":{"@type":"EntryPoint","urlTemplate":"https:\/\/dermaduktaj.hr\/?s={search_term_string}"},"query-input":{"@type":"PropertyValueSpecification","valueRequired":true,"valueName":"search_term_string"}}],"inLanguage":"en-US"},{"@type":"Organization","@id":"https:\/\/dermaduktaj.hr\/#organization","name":"Specijalisti\u010dka ordinacija za dermatologiju i venerologiju Sandra Stani\u0107 Duktaj","url":"https:\/\/dermaduktaj.hr\/","logo":{"@type":"ImageObject","inLanguage":"en-US","@id":"https:\/\/dermaduktaj.hr\/#\/schema\/logo\/image\/","url":"https:\/\/dermaduktaj.hr\/wp-content\/uploads\/2024\/08\/monogram_tamni_500x500.png","contentUrl":"https:\/\/dermaduktaj.hr\/wp-content\/uploads\/2024\/08\/monogram_tamni_500x500.png","width":500,"height":437,"caption":"Specijalisti\u010dka ordinacija za dermatologiju i venerologiju Sandra Stani\u0107 Duktaj"},"image":{"@id":"https:\/\/dermaduktaj.hr\/#\/schema\/logo\/image\/"}}]}},"rttpg_featured_image_url":null,"rttpg_author":{"display_name":"Sandra Stani\u0107 Duktaj","author_link":"https:\/\/dermaduktaj.hr\/index.php\/author\/ssduktajgmail-com\/"},"rttpg_comment":0,"rttpg_category":"","rttpg_excerpt":"Sklerozacija vena \u2013 u\u010dinkovito rje\u0161enje za pro\u0161irene kapilare i vene BySandra Stani\u0107 Duktaj April 24, 2025 Sklerozacija vena je minimalno invazivni medicinski postupak koji se koristi za uklanjanje pro\u0161irenih kapilara i manjih varikoznih vena, naj\u010de\u0161\u0107e na nogama. Tijekom zahvata, u o\u0161te\u0107ene vene ubrizgava&#8230; Pro\u010ditaj vi\u0161e Krioterapija &#8211; brzo i u\u010dinkovito uklanjanje ko\u017enih promjena smrzavanjem BySandra&hellip;","_links":{"self":[{"href":"https:\/\/dermaduktaj.hr\/index.php\/wp-json\/wp\/v2\/pages\/10055","targetHints":{"allow":["GET"]}}],"collection":[{"href":"https:\/\/dermaduktaj.hr\/index.php\/wp-json\/wp\/v2\/pages"}],"about":[{"href":"https:\/\/dermaduktaj.hr\/index.php\/wp-json\/wp\/v2\/types\/page"}],"author":[{"embeddable":true,"href":"https:\/\/dermaduktaj.hr\/index.php\/wp-json\/wp\/v2\/users\/1"}],"replies":[{"embeddable":true,"href":"https:\/\/dermaduktaj.hr\/index.php\/wp-json\/wp\/v2\/comments?post=10055"}],"version-history":[{"count":22,"href":"https:\/\/dermaduktaj.hr\/index.php\/wp-json\/wp\/v2\/pages\/10055\/revisions"}],"predecessor-version":[{"id":10155,"href":"https:\/\/dermaduktaj.hr\/index.php\/wp-json\/wp\/v2\/pages\/10055\/revisions\/10155"}],"wp:attachment":[{"href":"https:\/\/dermaduktaj.hr\/index.php\/wp-json\/wp\/v2\/media?parent=10055"}],"curies":[{"name":"wp","href":"https:\/\/api.w.org\/{rel}","templated":true}]}}