{"id":4574,"date":"2022-08-08T05:28:28","date_gmt":"2022-08-08T05:28:28","guid":{"rendered":"https:\/\/brielle.qodeinteractive.com\/?page_id=4574"},"modified":"2025-04-24T17:27:45","modified_gmt":"2025-04-24T16:27:45","slug":"nase-usluge","status":"publish","type":"page","link":"https:\/\/dermaduktaj.hr\/index.php\/nase-usluge\/","title":{"rendered":"Na\u0161e usluge"},"content":{"rendered":"\t\t<div data-elementor-type=\"wp-page\" data-elementor-id=\"4574\" class=\"elementor elementor-4574\">\n\t\t\t\t\t\t<section class=\"elementor-section elementor-top-section elementor-element elementor-element-0faf5b8 elementor-section-boxed elementor-section-height-default elementor-section-height-default qodef-elementor-content-no\" data-id=\"0faf5b8\" data-element_type=\"section\" data-e-type=\"section\">\n\t\t\t\t\t\t<div class=\"elementor-container elementor-column-gap-custom\">\n\t\t\t\t\t<div class=\"elementor-column elementor-col-50 elementor-top-column elementor-element elementor-element-57195a0\" data-id=\"57195a0\" data-element_type=\"column\" data-e-type=\"column\">\n\t\t\t<div class=\"elementor-widget-wrap elementor-element-populated\">\n\t\t\t\t\t\t<div class=\"elementor-element elementor-element-a516f5f elementor-position-top elementor-widget elementor-widget-image-box\" data-id=\"a516f5f\" data-element_type=\"widget\" data-e-type=\"widget\" data-widget_type=\"image-box.default\">\n\t\t\t\t\t<div class=\"elementor-image-box-wrapper\"><figure class=\"elementor-image-box-img\"><img fetchpriority=\"high\" decoding=\"async\" width=\"650\" height=\"650\" src=\"https:\/\/dermaduktaj.hr\/wp-content\/uploads\/2024\/10\/IA_brand-storytelling-fotografija_SD_Zabok_2024-57_websize-\u2013-kopija-650x650.jpg\" class=\"attachment-qi_addons_for_elementor_image_size_square size-qi_addons_for_elementor_image_size_square wp-image-9750\" alt=\"\" srcset=\"https:\/\/dermaduktaj.hr\/wp-content\/uploads\/2024\/10\/IA_brand-storytelling-fotografija_SD_Zabok_2024-57_websize-\u2013-kopija-650x650.jpg 650w, https:\/\/dermaduktaj.hr\/wp-content\/uploads\/2024\/10\/IA_brand-storytelling-fotografija_SD_Zabok_2024-57_websize-\u2013-kopija-150x150.jpg 150w, https:\/\/dermaduktaj.hr\/wp-content\/uploads\/2024\/10\/IA_brand-storytelling-fotografija_SD_Zabok_2024-57_websize-\u2013-kopija-300x300.jpg 300w, https:\/\/dermaduktaj.hr\/wp-content\/uploads\/2024\/10\/IA_brand-storytelling-fotografija_SD_Zabok_2024-57_websize-\u2013-kopija-100x100.jpg 100w\" sizes=\"(max-width: 650px) 100vw, 650px\" \/><\/figure><div class=\"elementor-image-box-content\"><h5 class=\"elementor-image-box-title\">Pregled ko\u017ee cijelog tijela<\/h5><p class=\"elementor-image-box-description\">Pregled ko\u017ee cijelog tijela, vlasi\u0161ta, noktiju i genitalne regije<\/p><\/div><\/div>\t\t\t\t<\/div>\n\t\t\t\t\t<\/div>\n\t\t<\/div>\n\t\t\t\t<div class=\"elementor-column elementor-col-50 elementor-top-column elementor-element elementor-element-1f96b9d\" data-id=\"1f96b9d\" data-element_type=\"column\" data-e-type=\"column\">\n\t\t\t<div class=\"elementor-widget-wrap elementor-element-populated\">\n\t\t\t\t\t\t<div class=\"elementor-element elementor-element-f897e88 elementor-position-top elementor-widget elementor-widget-image-box\" data-id=\"f897e88\" data-element_type=\"widget\" data-e-type=\"widget\" data-widget_type=\"image-box.default\">\n\t\t\t\t\t<div class=\"elementor-image-box-wrapper\"><figure class=\"elementor-image-box-img\"><img decoding=\"async\" width=\"650\" height=\"650\" src=\"https:\/\/dermaduktaj.hr\/wp-content\/uploads\/2024\/10\/IA_brand-storytelling-fotografija_SD_Zabok_2024-24_websize-650x650.jpg\" class=\"attachment-qi_addons_for_elementor_image_size_square size-qi_addons_for_elementor_image_size_square wp-image-9736\" alt=\"\" srcset=\"https:\/\/dermaduktaj.hr\/wp-content\/uploads\/2024\/10\/IA_brand-storytelling-fotografija_SD_Zabok_2024-24_websize-650x650.jpg 650w, https:\/\/dermaduktaj.hr\/wp-content\/uploads\/2024\/10\/IA_brand-storytelling-fotografija_SD_Zabok_2024-24_websize-150x150.jpg 150w, https:\/\/dermaduktaj.hr\/wp-content\/uploads\/2024\/10\/IA_brand-storytelling-fotografija_SD_Zabok_2024-24_websize-300x300.jpg 300w, https:\/\/dermaduktaj.hr\/wp-content\/uploads\/2024\/10\/IA_brand-storytelling-fotografija_SD_Zabok_2024-24_websize-100x100.jpg 100w\" sizes=\"(max-width: 650px) 100vw, 650px\" \/><\/figure><div class=\"elementor-image-box-content\"><h5 class=\"elementor-image-box-title\">Pregled made\u017ea dermatoskopom<\/h5><\/div><\/div>\t\t\t\t<\/div>\n\t\t\t\t\t<\/div>\n\t\t<\/div>\n\t\t\t\t\t<\/div>\n\t\t<\/section>\n\t\t\t\t<section class=\"elementor-section elementor-top-section elementor-element elementor-element-0ed520e elementor-section-boxed elementor-section-height-default elementor-section-height-default qodef-elementor-content-no\" data-id=\"0ed520e\" data-element_type=\"section\" data-e-type=\"section\">\n\t\t\t\t\t\t<div class=\"elementor-container elementor-column-gap-custom\">\n\t\t\t\t\t<div class=\"elementor-column elementor-col-50 elementor-top-column elementor-element elementor-element-ab540bd\" data-id=\"ab540bd\" data-element_type=\"column\" data-e-type=\"column\">\n\t\t\t<div class=\"elementor-widget-wrap elementor-element-populated\">\n\t\t\t\t\t\t<div class=\"elementor-element elementor-element-4c8687d elementor-position-top elementor-widget elementor-widget-image-box\" data-id=\"4c8687d\" data-element_type=\"widget\" data-e-type=\"widget\" data-widget_type=\"image-box.default\">\n\t\t\t\t\t<div class=\"elementor-image-box-wrapper\"><figure class=\"elementor-image-box-img\"><img decoding=\"async\" width=\"650\" height=\"650\" src=\"https:\/\/dermaduktaj.hr\/wp-content\/uploads\/2024\/10\/IA_brand-storytelling-fotografija_SD_Zabok_2024-68_websize-650x650.jpg\" class=\"attachment-qi_addons_for_elementor_image_size_square size-qi_addons_for_elementor_image_size_square wp-image-9754\" alt=\"\" srcset=\"https:\/\/dermaduktaj.hr\/wp-content\/uploads\/2024\/10\/IA_brand-storytelling-fotografija_SD_Zabok_2024-68_websize-650x650.jpg 650w, https:\/\/dermaduktaj.hr\/wp-content\/uploads\/2024\/10\/IA_brand-storytelling-fotografija_SD_Zabok_2024-68_websize-150x150.jpg 150w, https:\/\/dermaduktaj.hr\/wp-content\/uploads\/2024\/10\/IA_brand-storytelling-fotografija_SD_Zabok_2024-68_websize-300x300.jpg 300w, https:\/\/dermaduktaj.hr\/wp-content\/uploads\/2024\/10\/IA_brand-storytelling-fotografija_SD_Zabok_2024-68_websize-100x100.jpg 100w\" sizes=\"(max-width: 650px) 100vw, 650px\" \/><\/figure><div class=\"elementor-image-box-content\"><h5 class=\"elementor-image-box-title\">Krioterapija<\/h5><p class=\"elementor-image-box-description\">Krioterapija je terapija teku\u0107im du\u0161ikom kojim se mogu tretirati promjene na ko\u017ei kao \u0161to su virusne bradavice, seboroji\u010dke keratoze i prekanceroze <\/p><\/div><\/div>\t\t\t\t<\/div>\n\t\t\t\t\t<\/div>\n\t\t<\/div>\n\t\t\t\t<div class=\"elementor-column elementor-col-50 elementor-top-column elementor-element elementor-element-fe90dde\" data-id=\"fe90dde\" data-element_type=\"column\" data-e-type=\"column\">\n\t\t\t<div class=\"elementor-widget-wrap elementor-element-populated\">\n\t\t\t\t\t\t<div class=\"elementor-element elementor-element-511e7da elementor-position-top elementor-widget elementor-widget-image-box\" data-id=\"511e7da\" data-element_type=\"widget\" data-e-type=\"widget\" data-widget_type=\"image-box.default\">\n\t\t\t\t\t<div class=\"elementor-image-box-wrapper\"><figure class=\"elementor-image-box-img\"><img loading=\"lazy\" decoding=\"async\" width=\"650\" height=\"650\" src=\"https:\/\/dermaduktaj.hr\/wp-content\/uploads\/2024\/10\/IA_brand-storytelling-fotografija_SD_Zabok_2024-113_websize-\u2013-kopija-650x650.jpg\" class=\"attachment-qi_addons_for_elementor_image_size_square size-qi_addons_for_elementor_image_size_square wp-image-9777\" alt=\"\" srcset=\"https:\/\/dermaduktaj.hr\/wp-content\/uploads\/2024\/10\/IA_brand-storytelling-fotografija_SD_Zabok_2024-113_websize-\u2013-kopija-650x650.jpg 650w, https:\/\/dermaduktaj.hr\/wp-content\/uploads\/2024\/10\/IA_brand-storytelling-fotografija_SD_Zabok_2024-113_websize-\u2013-kopija-150x150.jpg 150w, https:\/\/dermaduktaj.hr\/wp-content\/uploads\/2024\/10\/IA_brand-storytelling-fotografija_SD_Zabok_2024-113_websize-\u2013-kopija-300x300.jpg 300w, https:\/\/dermaduktaj.hr\/wp-content\/uploads\/2024\/10\/IA_brand-storytelling-fotografija_SD_Zabok_2024-113_websize-\u2013-kopija-100x100.jpg 100w\" sizes=\"(max-width: 650px) 100vw, 650px\" \/><\/figure><div class=\"elementor-image-box-content\"><h5 class=\"elementor-image-box-title\">Sklerozacija vena<\/h5><p class=\"elementor-image-box-description\">Sklerozacija vena, poznata i kao skleroterapija, je medicinski postupak koji se koristi za lije\u010denje teleangiektazija i venektazija, a cilj je ovog tretmana zatvoriti sitne vene<\/p><\/div><\/div>\t\t\t\t<\/div>\n\t\t\t\t\t<\/div>\n\t\t<\/div>\n\t\t\t\t\t<\/div>\n\t\t<\/section>\n\t\t\t\t<section class=\"elementor-section elementor-top-section elementor-element elementor-element-3c3159d elementor-section-boxed elementor-section-height-default elementor-section-height-default qodef-elementor-content-no\" data-id=\"3c3159d\" data-element_type=\"section\" data-e-type=\"section\">\n\t\t\t\t\t\t<div class=\"elementor-container elementor-column-gap-custom\">\n\t\t\t\t\t<div class=\"elementor-column elementor-col-50 elementor-top-column elementor-element elementor-element-01ddce5\" data-id=\"01ddce5\" data-element_type=\"column\" data-e-type=\"column\">\n\t\t\t<div class=\"elementor-widget-wrap elementor-element-populated\">\n\t\t\t\t\t\t<div class=\"elementor-element elementor-element-11a5c45 elementor-position-top elementor-widget elementor-widget-image-box\" data-id=\"11a5c45\" data-element_type=\"widget\" data-e-type=\"widget\" data-widget_type=\"image-box.default\">\n\t\t\t\t\t<div class=\"elementor-image-box-wrapper\"><figure class=\"elementor-image-box-img\"><img loading=\"lazy\" decoding=\"async\" width=\"650\" height=\"650\" src=\"https:\/\/dermaduktaj.hr\/wp-content\/uploads\/2024\/10\/IA_brand-storytelling-fotografija_SD_Zabok_2024-82_websize-650x650.jpg\" class=\"attachment-qi_addons_for_elementor_image_size_square size-qi_addons_for_elementor_image_size_square wp-image-9759\" alt=\"\" srcset=\"https:\/\/dermaduktaj.hr\/wp-content\/uploads\/2024\/10\/IA_brand-storytelling-fotografija_SD_Zabok_2024-82_websize-650x650.jpg 650w, https:\/\/dermaduktaj.hr\/wp-content\/uploads\/2024\/10\/IA_brand-storytelling-fotografija_SD_Zabok_2024-82_websize-150x150.jpg 150w, https:\/\/dermaduktaj.hr\/wp-content\/uploads\/2024\/10\/IA_brand-storytelling-fotografija_SD_Zabok_2024-82_websize-300x300.jpg 300w, https:\/\/dermaduktaj.hr\/wp-content\/uploads\/2024\/10\/IA_brand-storytelling-fotografija_SD_Zabok_2024-82_websize-100x100.jpg 100w\" sizes=\"(max-width: 650px) 100vw, 650px\" \/><\/figure><div class=\"elementor-image-box-content\"><h5 class=\"elementor-image-box-title\">Mali kirur\u0161ki zahvati<\/h5><p class=\"elementor-image-box-description\">Uklanjanje made\u017ea i tumora ko\u017ee u lokalnoj anesteziji<\/p><\/div><\/div>\t\t\t\t<\/div>\n\t\t\t\t\t<\/div>\n\t\t<\/div>\n\t\t\t\t<div class=\"elementor-column elementor-col-50 elementor-top-column elementor-element elementor-element-568d4c8\" data-id=\"568d4c8\" data-element_type=\"column\" data-e-type=\"column\">\n\t\t\t<div class=\"elementor-widget-wrap elementor-element-populated\">\n\t\t\t\t\t\t<div class=\"elementor-element elementor-element-79db547 elementor-position-top elementor-widget elementor-widget-image-box\" data-id=\"79db547\" data-element_type=\"widget\" data-e-type=\"widget\" data-widget_type=\"image-box.default\">\n\t\t\t\t\t<div class=\"elementor-image-box-wrapper\"><figure class=\"elementor-image-box-img\"><img loading=\"lazy\" decoding=\"async\" width=\"650\" height=\"650\" src=\"https:\/\/dermaduktaj.hr\/wp-content\/uploads\/2024\/10\/IA_brand-storytelling-fotografija_SD_Zabok_2024-91_websize-650x650.jpg\" class=\"attachment-qi_addons_for_elementor_image_size_square size-qi_addons_for_elementor_image_size_square wp-image-9765\" alt=\"\" srcset=\"https:\/\/dermaduktaj.hr\/wp-content\/uploads\/2024\/10\/IA_brand-storytelling-fotografija_SD_Zabok_2024-91_websize-650x650.jpg 650w, https:\/\/dermaduktaj.hr\/wp-content\/uploads\/2024\/10\/IA_brand-storytelling-fotografija_SD_Zabok_2024-91_websize-150x150.jpg 150w, https:\/\/dermaduktaj.hr\/wp-content\/uploads\/2024\/10\/IA_brand-storytelling-fotografija_SD_Zabok_2024-91_websize-300x300.jpg 300w, https:\/\/dermaduktaj.hr\/wp-content\/uploads\/2024\/10\/IA_brand-storytelling-fotografija_SD_Zabok_2024-91_websize-100x100.jpg 100w\" sizes=\"(max-width: 650px) 100vw, 650px\" \/><\/figure><div class=\"elementor-image-box-content\"><h5 class=\"elementor-image-box-title\">Tretmani elektrokauterom<\/h5><p class=\"elementor-image-box-description\">Terapija elektrokauterom koristi visokofrekventnu struju  za precizno uklanjanje izraslina na ko\u017ei<\/p><\/div><\/div>\t\t\t\t<\/div>\n\t\t\t\t\t<\/div>\n\t\t<\/div>\n\t\t\t\t\t<\/div>\n\t\t<\/section>\n\t\t\t\t<section class=\"elementor-section elementor-top-section elementor-element elementor-element-fa3d71b elementor-section-boxed elementor-section-height-default elementor-section-height-default qodef-elementor-content-no\" data-id=\"fa3d71b\" data-element_type=\"section\" data-e-type=\"section\">\n\t\t\t\t\t\t<div class=\"elementor-container elementor-column-gap-no\">\n\t\t\t\t\t<div class=\"elementor-column elementor-col-100 elementor-top-column elementor-element elementor-element-d2f2d40\" data-id=\"d2f2d40\" data-element_type=\"column\" data-e-type=\"column\">\n\t\t\t<div class=\"elementor-widget-wrap elementor-element-populated\">\n\t\t\t\t\t\t<div class=\"elementor-element elementor-element-f81089a elementor-position-top elementor-widget elementor-widget-image-box\" data-id=\"f81089a\" data-element_type=\"widget\" data-e-type=\"widget\" data-widget_type=\"image-box.default\">\n\t\t\t\t\t<div class=\"elementor-image-box-wrapper\"><figure class=\"elementor-image-box-img\"><img loading=\"lazy\" decoding=\"async\" width=\"650\" height=\"650\" src=\"https:\/\/dermaduktaj.hr\/wp-content\/uploads\/2024\/10\/IA_brand-storytelling-fotografija_SD_Zabok_2024-94_websize-650x650.jpg\" class=\"attachment-qi_addons_for_elementor_image_size_square size-qi_addons_for_elementor_image_size_square wp-image-9768\" alt=\"\" srcset=\"https:\/\/dermaduktaj.hr\/wp-content\/uploads\/2024\/10\/IA_brand-storytelling-fotografija_SD_Zabok_2024-94_websize-650x650.jpg 650w, https:\/\/dermaduktaj.hr\/wp-content\/uploads\/2024\/10\/IA_brand-storytelling-fotografija_SD_Zabok_2024-94_websize-150x150.jpg 150w, https:\/\/dermaduktaj.hr\/wp-content\/uploads\/2024\/10\/IA_brand-storytelling-fotografija_SD_Zabok_2024-94_websize-300x300.jpg 300w, https:\/\/dermaduktaj.hr\/wp-content\/uploads\/2024\/10\/IA_brand-storytelling-fotografija_SD_Zabok_2024-94_websize-100x100.jpg 100w\" sizes=\"(max-width: 650px) 100vw, 650px\" \/><\/figure><div class=\"elementor-image-box-content\"><h5 class=\"elementor-image-box-title\">Estetski tretmani<\/h5><p class=\"elementor-image-box-description\">Dermapen, skinboosteri i biostimulatori, kemijski pilinzi, botox<\/p><\/div><\/div>\t\t\t\t<\/div>\n\t\t\t\t\t<\/div>\n\t\t<\/div>\n\t\t\t\t\t<\/div>\n\t\t<\/section>\n\t\t\t\t<\/div>\n\t\t","protected":false},"excerpt":{"rendered":"<p>Pregled ko\u017ee cijelog tijela Pregled ko\u017ee cijelog tijela, vlasi\u0161ta, noktiju i genitalne regije Pregled made\u017ea dermatoskopom Krioterapija Krioterapija je terapija teku\u0107im du\u0161ikom kojim se mogu tretirati promjene na ko\u017ei kao \u0161to su virusne bradavice, seboroji\u010dke keratoze i prekanceroze Sklerozacija vena Sklerozacija vena, poznata i kao skleroterapija, je medicinski postupak koji se koristi za lije\u010denje teleangiektazija [&hellip;]<\/p>\n","protected":false},"author":1,"featured_media":0,"parent":0,"menu_order":0,"comment_status":"closed","ping_status":"closed","template":"page-full-width.php","meta":{"footnotes":""},"class_list":["post-4574","page","type-page","status-publish","hentry"],"yoast_head":"<!-- This site is optimized with the Yoast SEO plugin v27.6 - https:\/\/yoast.com\/product\/yoast-seo-wordpress\/ -->\n<title>Na\u0161e usluge - dermaduktaj.hr<\/title>\n<meta name=\"description\" content=\"Na\u0161e usluge za va\u0161e zdravlje, od dermatolo\u0161ke dijagnostike do ozdravljenja.\" \/>\n<meta name=\"robots\" content=\"noindex, follow\" \/>\n<meta property=\"og:locale\" content=\"en_US\" \/>\n<meta property=\"og:type\" content=\"article\" \/>\n<meta property=\"og:title\" content=\"Na\u0161e usluge - dermaduktaj.hr\" \/>\n<meta property=\"og:description\" content=\"Na\u0161e usluge za va\u0161e zdravlje, od dermatolo\u0161ke dijagnostike do ozdravljenja.\" \/>\n<meta property=\"og:url\" content=\"https:\/\/dermaduktaj.hr\/index.php\/nase-usluge\/\" \/>\n<meta property=\"og:site_name\" content=\"dermaduktaj.hr\" \/>\n<meta property=\"article:modified_time\" content=\"2025-04-24T16:27:45+00:00\" \/>\n<meta property=\"og:image\" content=\"https:\/\/dermaduktaj.hr\/wp-content\/uploads\/2024\/10\/IA_brand-storytelling-fotografija_SD_Zabok_2024-24_websize-650x650.jpg\" \/>\n<meta name=\"twitter:card\" content=\"summary_large_image\" \/>\n<meta name=\"twitter:label1\" content=\"Est. reading time\" \/>\n\t<meta name=\"twitter:data1\" content=\"2 minutes\" \/>\n<script type=\"application\/ld+json\" class=\"yoast-schema-graph\">{\"@context\":\"https:\\\/\\\/schema.org\",\"@graph\":[{\"@type\":\"WebPage\",\"@id\":\"https:\\\/\\\/dermaduktaj.hr\\\/index.php\\\/nase-usluge\\\/\",\"url\":\"https:\\\/\\\/dermaduktaj.hr\\\/index.php\\\/nase-usluge\\\/\",\"name\":\"Na\u0161e usluge - dermaduktaj.hr\",\"isPartOf\":{\"@id\":\"https:\\\/\\\/dermaduktaj.hr\\\/#website\"},\"primaryImageOfPage\":{\"@id\":\"https:\\\/\\\/dermaduktaj.hr\\\/index.php\\\/nase-usluge\\\/#primaryimage\"},\"image\":{\"@id\":\"https:\\\/\\\/dermaduktaj.hr\\\/index.php\\\/nase-usluge\\\/#primaryimage\"},\"thumbnailUrl\":\"https:\\\/\\\/dermaduktaj.hr\\\/wp-content\\\/uploads\\\/2024\\\/10\\\/IA_brand-storytelling-fotografija_SD_Zabok_2024-24_websize-650x650.jpg\",\"datePublished\":\"2022-08-08T05:28:28+00:00\",\"dateModified\":\"2025-04-24T16:27:45+00:00\",\"description\":\"Na\u0161e usluge za va\u0161e zdravlje, od dermatolo\u0161ke dijagnostike do ozdravljenja.\",\"breadcrumb\":{\"@id\":\"https:\\\/\\\/dermaduktaj.hr\\\/index.php\\\/nase-usluge\\\/#breadcrumb\"},\"inLanguage\":\"en-US\",\"potentialAction\":[{\"@type\":\"ReadAction\",\"target\":[\"https:\\\/\\\/dermaduktaj.hr\\\/index.php\\\/nase-usluge\\\/\"]}]},{\"@type\":\"ImageObject\",\"inLanguage\":\"en-US\",\"@id\":\"https:\\\/\\\/dermaduktaj.hr\\\/index.php\\\/nase-usluge\\\/#primaryimage\",\"url\":\"https:\\\/\\\/dermaduktaj.hr\\\/wp-content\\\/uploads\\\/2024\\\/10\\\/IA_brand-storytelling-fotografija_SD_Zabok_2024-24_websize.jpg\",\"contentUrl\":\"https:\\\/\\\/dermaduktaj.hr\\\/wp-content\\\/uploads\\\/2024\\\/10\\\/IA_brand-storytelling-fotografija_SD_Zabok_2024-24_websize.jpg\",\"width\":1600,\"height\":1065},{\"@type\":\"BreadcrumbList\",\"@id\":\"https:\\\/\\\/dermaduktaj.hr\\\/index.php\\\/nase-usluge\\\/#breadcrumb\",\"itemListElement\":[{\"@type\":\"ListItem\",\"position\":1,\"name\":\"Home\",\"item\":\"https:\\\/\\\/dermaduktaj.hr\\\/\"},{\"@type\":\"ListItem\",\"position\":2,\"name\":\"Na\u0161e usluge\"}]},{\"@type\":\"WebSite\",\"@id\":\"https:\\\/\\\/dermaduktaj.hr\\\/#website\",\"url\":\"https:\\\/\\\/dermaduktaj.hr\\\/\",\"name\":\"dermaduktaj.hr\",\"description\":\"Specijalisti\u010dka ordinacija za dermatologiju i venerologiju\",\"publisher\":{\"@id\":\"https:\\\/\\\/dermaduktaj.hr\\\/#organization\"},\"potentialAction\":[{\"@type\":\"SearchAction\",\"target\":{\"@type\":\"EntryPoint\",\"urlTemplate\":\"https:\\\/\\\/dermaduktaj.hr\\\/?s={search_term_string}\"},\"query-input\":{\"@type\":\"PropertyValueSpecification\",\"valueRequired\":true,\"valueName\":\"search_term_string\"}}],\"inLanguage\":\"en-US\"},{\"@type\":\"Organization\",\"@id\":\"https:\\\/\\\/dermaduktaj.hr\\\/#organization\",\"name\":\"Specijalisti\u010dka ordinacija za dermatologiju i venerologiju Sandra Stani\u0107 Duktaj\",\"url\":\"https:\\\/\\\/dermaduktaj.hr\\\/\",\"logo\":{\"@type\":\"ImageObject\",\"inLanguage\":\"en-US\",\"@id\":\"https:\\\/\\\/dermaduktaj.hr\\\/#\\\/schema\\\/logo\\\/image\\\/\",\"url\":\"https:\\\/\\\/dermaduktaj.hr\\\/wp-content\\\/uploads\\\/2024\\\/08\\\/monogram_tamni_500x500.png\",\"contentUrl\":\"https:\\\/\\\/dermaduktaj.hr\\\/wp-content\\\/uploads\\\/2024\\\/08\\\/monogram_tamni_500x500.png\",\"width\":500,\"height\":437,\"caption\":\"Specijalisti\u010dka ordinacija za dermatologiju i venerologiju Sandra Stani\u0107 Duktaj\"},\"image\":{\"@id\":\"https:\\\/\\\/dermaduktaj.hr\\\/#\\\/schema\\\/logo\\\/image\\\/\"}}]}<\/script>\n<!-- \/ Yoast SEO plugin. -->","yoast_head_json":{"title":"Na\u0161e usluge - dermaduktaj.hr","description":"Na\u0161e usluge za va\u0161e zdravlje, od dermatolo\u0161ke dijagnostike do ozdravljenja.","robots":{"index":"noindex","follow":"follow"},"og_locale":"en_US","og_type":"article","og_title":"Na\u0161e usluge - dermaduktaj.hr","og_description":"Na\u0161e usluge za va\u0161e zdravlje, od dermatolo\u0161ke dijagnostike do ozdravljenja.","og_url":"https:\/\/dermaduktaj.hr\/index.php\/nase-usluge\/","og_site_name":"dermaduktaj.hr","article_modified_time":"2025-04-24T16:27:45+00:00","og_image":[{"url":"https:\/\/dermaduktaj.hr\/wp-content\/uploads\/2024\/10\/IA_brand-storytelling-fotografija_SD_Zabok_2024-24_websize-650x650.jpg","type":"","width":"","height":""}],"twitter_card":"summary_large_image","twitter_misc":{"Est. reading time":"2 minutes"},"schema":{"@context":"https:\/\/schema.org","@graph":[{"@type":"WebPage","@id":"https:\/\/dermaduktaj.hr\/index.php\/nase-usluge\/","url":"https:\/\/dermaduktaj.hr\/index.php\/nase-usluge\/","name":"Na\u0161e usluge - dermaduktaj.hr","isPartOf":{"@id":"https:\/\/dermaduktaj.hr\/#website"},"primaryImageOfPage":{"@id":"https:\/\/dermaduktaj.hr\/index.php\/nase-usluge\/#primaryimage"},"image":{"@id":"https:\/\/dermaduktaj.hr\/index.php\/nase-usluge\/#primaryimage"},"thumbnailUrl":"https:\/\/dermaduktaj.hr\/wp-content\/uploads\/2024\/10\/IA_brand-storytelling-fotografija_SD_Zabok_2024-24_websize-650x650.jpg","datePublished":"2022-08-08T05:28:28+00:00","dateModified":"2025-04-24T16:27:45+00:00","description":"Na\u0161e usluge za va\u0161e zdravlje, od dermatolo\u0161ke dijagnostike do ozdravljenja.","breadcrumb":{"@id":"https:\/\/dermaduktaj.hr\/index.php\/nase-usluge\/#breadcrumb"},"inLanguage":"en-US","potentialAction":[{"@type":"ReadAction","target":["https:\/\/dermaduktaj.hr\/index.php\/nase-usluge\/"]}]},{"@type":"ImageObject","inLanguage":"en-US","@id":"https:\/\/dermaduktaj.hr\/index.php\/nase-usluge\/#primaryimage","url":"https:\/\/dermaduktaj.hr\/wp-content\/uploads\/2024\/10\/IA_brand-storytelling-fotografija_SD_Zabok_2024-24_websize.jpg","contentUrl":"https:\/\/dermaduktaj.hr\/wp-content\/uploads\/2024\/10\/IA_brand-storytelling-fotografija_SD_Zabok_2024-24_websize.jpg","width":1600,"height":1065},{"@type":"BreadcrumbList","@id":"https:\/\/dermaduktaj.hr\/index.php\/nase-usluge\/#breadcrumb","itemListElement":[{"@type":"ListItem","position":1,"name":"Home","item":"https:\/\/dermaduktaj.hr\/"},{"@type":"ListItem","position":2,"name":"Na\u0161e usluge"}]},{"@type":"WebSite","@id":"https:\/\/dermaduktaj.hr\/#website","url":"https:\/\/dermaduktaj.hr\/","name":"dermaduktaj.hr","description":"Specijalisti\u010dka ordinacija za dermatologiju i venerologiju","publisher":{"@id":"https:\/\/dermaduktaj.hr\/#organization"},"potentialAction":[{"@type":"SearchAction","target":{"@type":"EntryPoint","urlTemplate":"https:\/\/dermaduktaj.hr\/?s={search_term_string}"},"query-input":{"@type":"PropertyValueSpecification","valueRequired":true,"valueName":"search_term_string"}}],"inLanguage":"en-US"},{"@type":"Organization","@id":"https:\/\/dermaduktaj.hr\/#organization","name":"Specijalisti\u010dka ordinacija za dermatologiju i venerologiju Sandra Stani\u0107 Duktaj","url":"https:\/\/dermaduktaj.hr\/","logo":{"@type":"ImageObject","inLanguage":"en-US","@id":"https:\/\/dermaduktaj.hr\/#\/schema\/logo\/image\/","url":"https:\/\/dermaduktaj.hr\/wp-content\/uploads\/2024\/08\/monogram_tamni_500x500.png","contentUrl":"https:\/\/dermaduktaj.hr\/wp-content\/uploads\/2024\/08\/monogram_tamni_500x500.png","width":500,"height":437,"caption":"Specijalisti\u010dka ordinacija za dermatologiju i venerologiju Sandra Stani\u0107 Duktaj"},"image":{"@id":"https:\/\/dermaduktaj.hr\/#\/schema\/logo\/image\/"}}]}},"rttpg_featured_image_url":null,"rttpg_author":{"display_name":"Sandra Stani\u0107 Duktaj","author_link":"https:\/\/dermaduktaj.hr\/index.php\/author\/ssduktajgmail-com\/"},"rttpg_comment":0,"rttpg_category":null,"rttpg_excerpt":"Pregled ko\u017ee cijelog tijela Pregled ko\u017ee cijelog tijela, vlasi\u0161ta, noktiju i genitalne regije Pregled made\u017ea dermatoskopom Krioterapija Krioterapija je terapija teku\u0107im du\u0161ikom kojim se mogu tretirati promjene na ko\u017ei kao \u0161to su virusne bradavice, seboroji\u010dke keratoze i prekanceroze Sklerozacija vena Sklerozacija vena, poznata i kao skleroterapija, je medicinski postupak koji se koristi za lije\u010denje teleangiektazija&hellip;","_links":{"self":[{"href":"https:\/\/dermaduktaj.hr\/index.php\/wp-json\/wp\/v2\/pages\/4574","targetHints":{"allow":["GET"]}}],"collection":[{"href":"https:\/\/dermaduktaj.hr\/index.php\/wp-json\/wp\/v2\/pages"}],"about":[{"href":"https:\/\/dermaduktaj.hr\/index.php\/wp-json\/wp\/v2\/types\/page"}],"author":[{"embeddable":true,"href":"https:\/\/dermaduktaj.hr\/index.php\/wp-json\/wp\/v2\/users\/1"}],"replies":[{"embeddable":true,"href":"https:\/\/dermaduktaj.hr\/index.php\/wp-json\/wp\/v2\/comments?post=4574"}],"version-history":[{"count":120,"href":"https:\/\/dermaduktaj.hr\/index.php\/wp-json\/wp\/v2\/pages\/4574\/revisions"}],"predecessor-version":[{"id":10044,"href":"https:\/\/dermaduktaj.hr\/index.php\/wp-json\/wp\/v2\/pages\/4574\/revisions\/10044"}],"wp:attachment":[{"href":"https:\/\/dermaduktaj.hr\/index.php\/wp-json\/wp\/v2\/media?parent=4574"}],"curies":[{"name":"wp","href":"https:\/\/api.w.org\/{rel}","templated":true}]}}