{"id":4846,"date":"2022-08-08T08:57:19","date_gmt":"2022-08-08T08:57:19","guid":{"rendered":"https:\/\/brielle.qodeinteractive.com\/?page_id=4846"},"modified":"2025-04-24T17:26:51","modified_gmt":"2025-04-24T16:26:51","slug":"we-are-dedicated-to-beauty","status":"publish","type":"page","link":"https:\/\/dermaduktaj.hr\/index.php\/we-are-dedicated-to-beauty\/","title":{"rendered":"O nama"},"content":{"rendered":"\t\t<div data-elementor-type=\"wp-page\" data-elementor-id=\"4846\" class=\"elementor elementor-4846\">\n\t\t\t\t<div class=\"elementor-element elementor-element-3b54bb8 e-flex e-con-boxed e-con e-parent\" data-id=\"3b54bb8\" data-element_type=\"container\" data-e-type=\"container\">\n\t\t\t\t\t<div class=\"e-con-inner\">\n\t\t\t\t<div class=\"elementor-element elementor-element-d3e2baf elementor-widget elementor-widget-brielle_core_single_image\" data-id=\"d3e2baf\" data-element_type=\"widget\" data-e-type=\"widget\" data-widget_type=\"brielle_core_single_image.default\">\n\t\t\t\t<div class=\"elementor-widget-container\">\n\t\t\t\t\t<div class=\"qodef-shortcode qodef-m  qodef-single-image qodef-layout--default   \" >\n\t\t\t<div class=\"qodef-m-image\">\n\t\t\t\t\t\t\t\t<img fetchpriority=\"high\" decoding=\"async\" width=\"1068\" height=\"1300\" src=\"https:\/\/dermaduktaj.hr\/wp-content\/uploads\/2024\/10\/IA_brand-storytelling-fotografija_SD_Zabok_2024-138_websize-1068x1300.jpg\" class=\"attachment-brielle_core_image_size_huge-square size-brielle_core_image_size_huge-square\" alt=\"\" \/>\t\t\t\t\t\t\t<\/div>\n\t<\/div>\n\t\t\t\t<\/div>\n\t\t\t\t<\/div>\n\t\t\t\t<div class=\"elementor-element elementor-element-9c891f5 elementor-widget elementor-widget-qi_addons_for_elementor_info_cards\" data-id=\"9c891f5\" data-element_type=\"widget\" data-e-type=\"widget\" data-widget_type=\"qi_addons_for_elementor_info_cards.default\">\n\t\t\t\t<div class=\"elementor-widget-container\">\n\t\t\t\t\t<div class=\"qodef-shortcode qodef-m qodef-qi-info-cards qodef-layout--top qodef-link-overlay qodef--icon-pack\">\n\t\t\t<div class=\"qodef-m-icon-wrapper\">\n\t\t\t\t\t<div class=\"qodef-m-icon-holder\">\n\t\t\t<svg aria-hidden=\"true\" class=\"e-font-icon-svg e-far-paper-plane\" viewBox=\"0 0 512 512\" xmlns=\"http:\/\/www.w3.org\/2000\/svg\"><path d=\"M440 6.5L24 246.4c-34.4 19.9-31.1 70.8 5.7 85.9L144 379.6V464c0 46.4 59.2 65.5 86.6 28.6l43.8-59.1 111.9 46.2c5.9 2.4 12.1 3.6 18.3 3.6 8.2 0 16.3-2.1 23.6-6.2 12.8-7.2 21.6-20 23.9-34.5l59.4-387.2c6.1-40.1-36.9-68.8-71.5-48.9zM192 464v-64.6l36.6 15.1L192 464zm212.6-28.7l-153.8-63.5L391 169.5c10.7-15.5-9.5-33.5-23.7-21.2L155.8 332.6 48 288 464 48l-59.4 387.3z\"><\/path><\/svg>\t\t<\/div>\n\t\t<\/div>\n\t\t<div class=\"qodef-m-content\">\n\t\t\t<h5 class=\"qodef-m-subtitle\">\n\t\tspecijalistica dermatovenerologije\t<\/h5>\n\t\t\t<h2 class=\"qodef-m-title\">\n\t\t\t\t\tdr. Sandra Stani\u0107 Duktaj\t\t\t<\/h2>\n\t\t\t<p class=\"qodef-m-text\">Doktorica Sandra Stani\u0107 Duktaj, ro\u0111ena u Badenu u \u0160vicarskoj, godine 2005. diplomirala je na Medicinskom fakultetu Sveu\u010dili\u0161ta u Zagrebu. Pripravni\u010dki sta\u017e odra\u0111uje u OB Zabok i bolnici hrvatskih veterana. \nSpecijalizaciju iz dermatologije i venerologije odra\u0111ivala je na Klinici za ko\u017ene i spolne bolesti Klini\u010dkog bolni\u010dkog centra Sestre Milosrdnice te je nakon polo\u017eenog stru\u010dnog poslijediplomskog studija, 2013.godine polo\u017eila specijalisti\u010dki ispit iz dermatologije i venerologije.  Nakon toga je radila u OB Zabok i bolnici hrvatskih veterana, na Klinici za ko\u017ene i spolne bolesti Klini\u010dkog bolni\u010dkog centra Sestre milosrdnice te u cijenjenim privatnim poliklinikama. \nU sredi\u0161tu njena interesa je klini\u010dka dermatologija  s naglaskom na  dermatoonkologiju   iz \u010dega zavr\u0161ava brojne edukacije. Ima iskustva u lije\u010denju i djece i odraslih kao konzilijarni lije\u010dnik na svim odjelima bolnice i Klinike. Kontinuirano se educira u Hrvatskoj i inozemstvu, samostalno objavljuje te sudjeluje kao koautor znanstvenih \u010dlanaka  u indeksiranim znanstvenim publikacijama.\nOd 2013. godine aktivno sudjeluje u javnozdravstvenim akcijama u svrhu prevencije zlo\u0107udnih tumora ko\u017ee.\n\u010clanica je Hrvatskog lije\u010dni\u010dkog zbora i Hrvatskog dermatovenerolo\u0161kog dru\u0161tva. \nOdlika  dr. Stani\u0107 Duktaj su stru\u010dnost, jednostavnost i posve\u0107enost pacijentima.\nStru\u010dna i puna iskustva, \u010deka vas u svojoj ordinaciji. <\/p>\n\t<\/div>\n\t\t<\/div>\n\t\t\t\t<\/div>\n\t\t\t\t<\/div>\n\t\t\t\t\t<\/div>\n\t\t\t\t<\/div>\n\t\t<div class=\"elementor-element elementor-element-6ed4072 e-flex e-con-boxed e-con e-parent\" data-id=\"6ed4072\" data-element_type=\"container\" data-e-type=\"container\">\n\t\t\t\t\t<div class=\"e-con-inner\">\n\t\t\t\t<div class=\"elementor-element elementor-element-546ab05 elementor-widget elementor-widget-brielle_core_single_image\" data-id=\"546ab05\" data-element_type=\"widget\" data-e-type=\"widget\" data-widget_type=\"brielle_core_single_image.default\">\n\t\t\t\t<div class=\"elementor-widget-container\">\n\t\t\t\t\t<div class=\"qodef-shortcode qodef-m  qodef-single-image qodef-layout--default   \" >\n\t\t\t<div class=\"qodef-m-image\">\n\t\t\t\t\t\t\t\t<img decoding=\"async\" width=\"1068\" height=\"1300\" src=\"https:\/\/dermaduktaj.hr\/wp-content\/uploads\/2024\/10\/IA_brand-storytelling-fotografija_SD_Zabok_2024-37_websize-1-1068x1300.jpg\" class=\"attachment-brielle_core_image_size_huge-square size-brielle_core_image_size_huge-square\" alt=\"\" \/>\t\t\t\t\t\t\t<\/div>\n\t<\/div>\n\t\t\t\t<\/div>\n\t\t\t\t<\/div>\n\t\t\t\t<div class=\"elementor-element elementor-element-a94cd72 elementor-widget elementor-widget-qi_addons_for_elementor_info_cards\" data-id=\"a94cd72\" data-element_type=\"widget\" data-e-type=\"widget\" data-widget_type=\"qi_addons_for_elementor_info_cards.default\">\n\t\t\t\t<div class=\"elementor-widget-container\">\n\t\t\t\t\t<div class=\"qodef-shortcode qodef-m qodef-qi-info-cards qodef-layout--top qodef-link-overlay qodef--icon-pack\">\n\t\t\t<div class=\"qodef-m-icon-wrapper\">\n\t\t\t\t\t<div class=\"qodef-m-icon-holder\">\n\t\t\t<svg aria-hidden=\"true\" class=\"e-font-icon-svg e-far-paper-plane\" viewBox=\"0 0 512 512\" xmlns=\"http:\/\/www.w3.org\/2000\/svg\"><path d=\"M440 6.5L24 246.4c-34.4 19.9-31.1 70.8 5.7 85.9L144 379.6V464c0 46.4 59.2 65.5 86.6 28.6l43.8-59.1 111.9 46.2c5.9 2.4 12.1 3.6 18.3 3.6 8.2 0 16.3-2.1 23.6-6.2 12.8-7.2 21.6-20 23.9-34.5l59.4-387.2c6.1-40.1-36.9-68.8-71.5-48.9zM192 464v-64.6l36.6 15.1L192 464zm212.6-28.7l-153.8-63.5L391 169.5c10.7-15.5-9.5-33.5-23.7-21.2L155.8 332.6 48 288 464 48l-59.4 387.3z\"><\/path><\/svg>\t\t<\/div>\n\t\t<\/div>\n\t\t<div class=\"qodef-m-content\">\n\t\t\t<h5 class=\"qodef-m-subtitle\">\n\t\tmagistra sestrinstva\t<\/h5>\n\t\t\t<h2 class=\"qodef-m-title\">\n\t\t\t\t\tIvana Kocijan Gori\u010dki\t\t\t<\/h2>\n\t\t\t<p class=\"qodef-m-text\">Magistra sestrinstva Ivana Kocijan Gori\u010dki, ro\u0111ena u Vara\u017edinu, diplomirala je 2019. godine na\nmedicinskom fakultetu u Osijeku. Srednju medicinsku \u0161kolu zavr\u0161ila je u Vara\u017edinu, preddiplomski\nstru\u010dni studij na Zdravstvenom veleu\u010dili\u0161tu u Zagrebu, a pripravni\u010dki sta\u017e odra\u0111uje u OB Zabok i bolnici\nhrvatskih veterana.\nOd 2014.godine radila je u patrona\u017enoj slu\u017ebi DZ Zagreb-istok, pru\u017eaju\u0107i zdravstvenu za\u0161titu izvan\nzdravstvene ustanove, obuhva\u0107aju\u0107i sve vrste populacije, stavljaju\u0107i naglasak na o\u010duvanju i unapre\u0111enju\nzdravlja.\nTijekom radnog sta\u017ea sudjeluje u obilje\u017eavanjima raznih aktivnosti WHO-a, i organizira rad u grupama.\nRedovito poha\u0111a trajne edukacije za medicinske sestre sa strane HKMS-a radi stru\u010dnog usavr\u0161avanja.\nOdlike su joj pristupa\u010dnost, empati\u010dnost i stru\u010dnost.<\/p>\n\t<\/div>\n\t\t<\/div>\n\t\t\t\t<\/div>\n\t\t\t\t<\/div>\n\t\t\t\t\t<\/div>\n\t\t\t\t<\/div>\n\t\t\t\t<section class=\"elementor-section elementor-top-section elementor-element elementor-element-6c2a6e2 elementor-section-full_width elementor-section-height-default elementor-section-height-default qodef-elementor-content-no\" data-id=\"6c2a6e2\" data-element_type=\"section\" data-e-type=\"section\" data-settings=\"{&quot;background_background&quot;:&quot;classic&quot;}\">\n\t\t\t\t\t\t<div class=\"elementor-container elementor-column-gap-default\">\n\t\t\t\t\t<div class=\"elementor-column elementor-col-100 elementor-top-column elementor-element elementor-element-144f70f\" data-id=\"144f70f\" data-element_type=\"column\" data-e-type=\"column\">\n\t\t\t<div class=\"elementor-widget-wrap\">\n\t\t\t\t\t\t\t<\/div>\n\t\t<\/div>\n\t\t\t\t\t<\/div>\n\t\t<\/section>\n\t\t\t\t<section class=\"elementor-section elementor-top-section elementor-element elementor-element-52c8545a elementor-section-boxed elementor-section-height-default elementor-section-height-default qodef-elementor-content-no\" data-id=\"52c8545a\" data-element_type=\"section\" data-e-type=\"section\" data-settings=\"{&quot;background_background&quot;:&quot;classic&quot;}\">\n\t\t\t\t\t\t<div class=\"elementor-container elementor-column-gap-default\">\n\t\t\t\t\t<div class=\"elementor-column elementor-col-100 elementor-top-column elementor-element elementor-element-44b3c55\" data-id=\"44b3c55\" data-element_type=\"column\" data-e-type=\"column\">\n\t\t\t<div class=\"elementor-widget-wrap elementor-element-populated\">\n\t\t\t\t\t\t<div class=\"elementor-element elementor-element-243c426 elementor-widget elementor-widget-image\" data-id=\"243c426\" data-element_type=\"widget\" data-e-type=\"widget\" data-widget_type=\"image.default\">\n\t\t\t\t\t\t\t\t\t\t\t\t\t\t\t<img decoding=\"async\" width=\"242\" height=\"180\" src=\"https:\/\/dermaduktaj.hr\/wp-content\/uploads\/2022\/08\/home-5-image-3.png\" class=\"attachment-full size-full wp-image-4060\" alt=\"t\" \/>\t\t\t\t\t\t\t\t\t\t\t\t\t\t\t<\/div>\n\t\t\t\t\t<\/div>\n\t\t<\/div>\n\t\t\t\t\t<\/div>\n\t\t<\/section>\n\t\t\t\t<\/div>\n\t\t","protected":false},"excerpt":{"rendered":"<p>specijalistica dermatovenerologije dr. Sandra Stani\u0107 Duktaj Doktorica Sandra Stani\u0107 Duktaj, ro\u0111ena u Badenu u \u0160vicarskoj, godine 2005. diplomirala je na Medicinskom fakultetu Sveu\u010dili\u0161ta u Zagrebu. Pripravni\u010dki sta\u017e odra\u0111uje u OB Zabok i bolnici hrvatskih veterana. Specijalizaciju iz dermatologije i venerologije odra\u0111ivala je na Klinici za ko\u017ene i spolne bolesti Klini\u010dkog bolni\u010dkog centra Sestre Milosrdnice te [&hellip;]<\/p>\n","protected":false},"author":1,"featured_media":0,"parent":0,"menu_order":0,"comment_status":"closed","ping_status":"closed","template":"page-full-width.php","meta":{"footnotes":""},"class_list":["post-4846","page","type-page","status-publish","hentry"],"yoast_head":"<!-- This site is optimized with the Yoast SEO plugin v27.5 - https:\/\/yoast.com\/product\/yoast-seo-wordpress\/ -->\n<title>O nama - dermaduktaj.hr<\/title>\n<meta name=\"robots\" content=\"index, follow, max-snippet:-1, max-image-preview:large, max-video-preview:-1\" \/>\n<link rel=\"canonical\" href=\"https:\/\/dermaduktaj.hr\/index.php\/we-are-dedicated-to-beauty\/\" \/>\n<meta property=\"og:locale\" content=\"en_US\" \/>\n<meta property=\"og:type\" content=\"article\" \/>\n<meta property=\"og:title\" content=\"O nama - dermaduktaj.hr\" \/>\n<meta property=\"og:description\" content=\"specijalistica dermatovenerologije dr. Sandra Stani\u0107 Duktaj Doktorica Sandra Stani\u0107 Duktaj, ro\u0111ena u Badenu u \u0160vicarskoj, godine 2005. diplomirala je na Medicinskom fakultetu Sveu\u010dili\u0161ta u Zagrebu. Pripravni\u010dki sta\u017e odra\u0111uje u OB Zabok i bolnici hrvatskih veterana. Specijalizaciju iz dermatologije i venerologije odra\u0111ivala je na Klinici za ko\u017ene i spolne bolesti Klini\u010dkog bolni\u010dkog centra Sestre Milosrdnice te [&hellip;]\" \/>\n<meta property=\"og:url\" content=\"https:\/\/dermaduktaj.hr\/index.php\/we-are-dedicated-to-beauty\/\" \/>\n<meta property=\"og:site_name\" content=\"dermaduktaj.hr\" \/>\n<meta property=\"article:modified_time\" content=\"2025-04-24T16:26:51+00:00\" \/>\n<meta property=\"og:image\" content=\"https:\/\/dermaduktaj.hr\/wp-content\/uploads\/2024\/10\/IA_brand-storytelling-fotografija_SD_Zabok_2024-138_websize-1068x1300.jpg\" \/>\n<meta name=\"twitter:card\" content=\"summary_large_image\" \/>\n<meta name=\"twitter:label1\" content=\"Est. reading time\" \/>\n\t<meta name=\"twitter:data1\" content=\"2 minutes\" \/>\n<script type=\"application\/ld+json\" class=\"yoast-schema-graph\">{\"@context\":\"https:\\\/\\\/schema.org\",\"@graph\":[{\"@type\":\"WebPage\",\"@id\":\"https:\\\/\\\/dermaduktaj.hr\\\/index.php\\\/we-are-dedicated-to-beauty\\\/\",\"url\":\"https:\\\/\\\/dermaduktaj.hr\\\/index.php\\\/we-are-dedicated-to-beauty\\\/\",\"name\":\"O nama - dermaduktaj.hr\",\"isPartOf\":{\"@id\":\"https:\\\/\\\/dermaduktaj.hr\\\/#website\"},\"primaryImageOfPage\":{\"@id\":\"https:\\\/\\\/dermaduktaj.hr\\\/index.php\\\/we-are-dedicated-to-beauty\\\/#primaryimage\"},\"image\":{\"@id\":\"https:\\\/\\\/dermaduktaj.hr\\\/index.php\\\/we-are-dedicated-to-beauty\\\/#primaryimage\"},\"thumbnailUrl\":\"https:\\\/\\\/dermaduktaj.hr\\\/wp-content\\\/uploads\\\/2024\\\/10\\\/IA_brand-storytelling-fotografija_SD_Zabok_2024-138_websize-1068x1300.jpg\",\"datePublished\":\"2022-08-08T08:57:19+00:00\",\"dateModified\":\"2025-04-24T16:26:51+00:00\",\"breadcrumb\":{\"@id\":\"https:\\\/\\\/dermaduktaj.hr\\\/index.php\\\/we-are-dedicated-to-beauty\\\/#breadcrumb\"},\"inLanguage\":\"en-US\",\"potentialAction\":[{\"@type\":\"ReadAction\",\"target\":[\"https:\\\/\\\/dermaduktaj.hr\\\/index.php\\\/we-are-dedicated-to-beauty\\\/\"]}]},{\"@type\":\"ImageObject\",\"inLanguage\":\"en-US\",\"@id\":\"https:\\\/\\\/dermaduktaj.hr\\\/index.php\\\/we-are-dedicated-to-beauty\\\/#primaryimage\",\"url\":\"https:\\\/\\\/dermaduktaj.hr\\\/wp-content\\\/uploads\\\/2024\\\/10\\\/IA_brand-storytelling-fotografija_SD_Zabok_2024-138_websize.jpg\",\"contentUrl\":\"https:\\\/\\\/dermaduktaj.hr\\\/wp-content\\\/uploads\\\/2024\\\/10\\\/IA_brand-storytelling-fotografija_SD_Zabok_2024-138_websize.jpg\",\"width\":1068,\"height\":1600},{\"@type\":\"BreadcrumbList\",\"@id\":\"https:\\\/\\\/dermaduktaj.hr\\\/index.php\\\/we-are-dedicated-to-beauty\\\/#breadcrumb\",\"itemListElement\":[{\"@type\":\"ListItem\",\"position\":1,\"name\":\"Home\",\"item\":\"https:\\\/\\\/dermaduktaj.hr\\\/\"},{\"@type\":\"ListItem\",\"position\":2,\"name\":\"O nama\"}]},{\"@type\":\"WebSite\",\"@id\":\"https:\\\/\\\/dermaduktaj.hr\\\/#website\",\"url\":\"https:\\\/\\\/dermaduktaj.hr\\\/\",\"name\":\"dermaduktaj.hr\",\"description\":\"Specijalisti\u010dka ordinacija za dermatologiju i venerologiju\",\"publisher\":{\"@id\":\"https:\\\/\\\/dermaduktaj.hr\\\/#organization\"},\"potentialAction\":[{\"@type\":\"SearchAction\",\"target\":{\"@type\":\"EntryPoint\",\"urlTemplate\":\"https:\\\/\\\/dermaduktaj.hr\\\/?s={search_term_string}\"},\"query-input\":{\"@type\":\"PropertyValueSpecification\",\"valueRequired\":true,\"valueName\":\"search_term_string\"}}],\"inLanguage\":\"en-US\"},{\"@type\":\"Organization\",\"@id\":\"https:\\\/\\\/dermaduktaj.hr\\\/#organization\",\"name\":\"Specijalisti\u010dka ordinacija za dermatologiju i venerologiju Sandra Stani\u0107 Duktaj\",\"url\":\"https:\\\/\\\/dermaduktaj.hr\\\/\",\"logo\":{\"@type\":\"ImageObject\",\"inLanguage\":\"en-US\",\"@id\":\"https:\\\/\\\/dermaduktaj.hr\\\/#\\\/schema\\\/logo\\\/image\\\/\",\"url\":\"https:\\\/\\\/dermaduktaj.hr\\\/wp-content\\\/uploads\\\/2024\\\/08\\\/monogram_tamni_500x500.png\",\"contentUrl\":\"https:\\\/\\\/dermaduktaj.hr\\\/wp-content\\\/uploads\\\/2024\\\/08\\\/monogram_tamni_500x500.png\",\"width\":500,\"height\":437,\"caption\":\"Specijalisti\u010dka ordinacija za dermatologiju i venerologiju Sandra Stani\u0107 Duktaj\"},\"image\":{\"@id\":\"https:\\\/\\\/dermaduktaj.hr\\\/#\\\/schema\\\/logo\\\/image\\\/\"}}]}<\/script>\n<!-- \/ Yoast SEO plugin. -->","yoast_head_json":{"title":"O nama - dermaduktaj.hr","robots":{"index":"index","follow":"follow","max-snippet":"max-snippet:-1","max-image-preview":"max-image-preview:large","max-video-preview":"max-video-preview:-1"},"canonical":"https:\/\/dermaduktaj.hr\/index.php\/we-are-dedicated-to-beauty\/","og_locale":"en_US","og_type":"article","og_title":"O nama - dermaduktaj.hr","og_description":"specijalistica dermatovenerologije dr. Sandra Stani\u0107 Duktaj Doktorica Sandra Stani\u0107 Duktaj, ro\u0111ena u Badenu u \u0160vicarskoj, godine 2005. diplomirala je na Medicinskom fakultetu Sveu\u010dili\u0161ta u Zagrebu. Pripravni\u010dki sta\u017e odra\u0111uje u OB Zabok i bolnici hrvatskih veterana. Specijalizaciju iz dermatologije i venerologije odra\u0111ivala je na Klinici za ko\u017ene i spolne bolesti Klini\u010dkog bolni\u010dkog centra Sestre Milosrdnice te [&hellip;]","og_url":"https:\/\/dermaduktaj.hr\/index.php\/we-are-dedicated-to-beauty\/","og_site_name":"dermaduktaj.hr","article_modified_time":"2025-04-24T16:26:51+00:00","og_image":[{"url":"https:\/\/dermaduktaj.hr\/wp-content\/uploads\/2024\/10\/IA_brand-storytelling-fotografija_SD_Zabok_2024-138_websize-1068x1300.jpg","type":"","width":"","height":""}],"twitter_card":"summary_large_image","twitter_misc":{"Est. reading time":"2 minutes"},"schema":{"@context":"https:\/\/schema.org","@graph":[{"@type":"WebPage","@id":"https:\/\/dermaduktaj.hr\/index.php\/we-are-dedicated-to-beauty\/","url":"https:\/\/dermaduktaj.hr\/index.php\/we-are-dedicated-to-beauty\/","name":"O nama - dermaduktaj.hr","isPartOf":{"@id":"https:\/\/dermaduktaj.hr\/#website"},"primaryImageOfPage":{"@id":"https:\/\/dermaduktaj.hr\/index.php\/we-are-dedicated-to-beauty\/#primaryimage"},"image":{"@id":"https:\/\/dermaduktaj.hr\/index.php\/we-are-dedicated-to-beauty\/#primaryimage"},"thumbnailUrl":"https:\/\/dermaduktaj.hr\/wp-content\/uploads\/2024\/10\/IA_brand-storytelling-fotografija_SD_Zabok_2024-138_websize-1068x1300.jpg","datePublished":"2022-08-08T08:57:19+00:00","dateModified":"2025-04-24T16:26:51+00:00","breadcrumb":{"@id":"https:\/\/dermaduktaj.hr\/index.php\/we-are-dedicated-to-beauty\/#breadcrumb"},"inLanguage":"en-US","potentialAction":[{"@type":"ReadAction","target":["https:\/\/dermaduktaj.hr\/index.php\/we-are-dedicated-to-beauty\/"]}]},{"@type":"ImageObject","inLanguage":"en-US","@id":"https:\/\/dermaduktaj.hr\/index.php\/we-are-dedicated-to-beauty\/#primaryimage","url":"https:\/\/dermaduktaj.hr\/wp-content\/uploads\/2024\/10\/IA_brand-storytelling-fotografija_SD_Zabok_2024-138_websize.jpg","contentUrl":"https:\/\/dermaduktaj.hr\/wp-content\/uploads\/2024\/10\/IA_brand-storytelling-fotografija_SD_Zabok_2024-138_websize.jpg","width":1068,"height":1600},{"@type":"BreadcrumbList","@id":"https:\/\/dermaduktaj.hr\/index.php\/we-are-dedicated-to-beauty\/#breadcrumb","itemListElement":[{"@type":"ListItem","position":1,"name":"Home","item":"https:\/\/dermaduktaj.hr\/"},{"@type":"ListItem","position":2,"name":"O nama"}]},{"@type":"WebSite","@id":"https:\/\/dermaduktaj.hr\/#website","url":"https:\/\/dermaduktaj.hr\/","name":"dermaduktaj.hr","description":"Specijalisti\u010dka ordinacija za dermatologiju i venerologiju","publisher":{"@id":"https:\/\/dermaduktaj.hr\/#organization"},"potentialAction":[{"@type":"SearchAction","target":{"@type":"EntryPoint","urlTemplate":"https:\/\/dermaduktaj.hr\/?s={search_term_string}"},"query-input":{"@type":"PropertyValueSpecification","valueRequired":true,"valueName":"search_term_string"}}],"inLanguage":"en-US"},{"@type":"Organization","@id":"https:\/\/dermaduktaj.hr\/#organization","name":"Specijalisti\u010dka ordinacija za dermatologiju i venerologiju Sandra Stani\u0107 Duktaj","url":"https:\/\/dermaduktaj.hr\/","logo":{"@type":"ImageObject","inLanguage":"en-US","@id":"https:\/\/dermaduktaj.hr\/#\/schema\/logo\/image\/","url":"https:\/\/dermaduktaj.hr\/wp-content\/uploads\/2024\/08\/monogram_tamni_500x500.png","contentUrl":"https:\/\/dermaduktaj.hr\/wp-content\/uploads\/2024\/08\/monogram_tamni_500x500.png","width":500,"height":437,"caption":"Specijalisti\u010dka ordinacija za dermatologiju i venerologiju Sandra Stani\u0107 Duktaj"},"image":{"@id":"https:\/\/dermaduktaj.hr\/#\/schema\/logo\/image\/"}}]}},"rttpg_featured_image_url":null,"rttpg_author":{"display_name":"Sandra Stani\u0107 Duktaj","author_link":"https:\/\/dermaduktaj.hr\/index.php\/author\/ssduktajgmail-com\/"},"rttpg_comment":0,"rttpg_category":null,"rttpg_excerpt":"specijalistica dermatovenerologije dr. Sandra Stani\u0107 Duktaj Doktorica Sandra Stani\u0107 Duktaj, ro\u0111ena u Badenu u \u0160vicarskoj, godine 2005. diplomirala je na Medicinskom fakultetu Sveu\u010dili\u0161ta u Zagrebu. Pripravni\u010dki sta\u017e odra\u0111uje u OB Zabok i bolnici hrvatskih veterana. Specijalizaciju iz dermatologije i venerologije odra\u0111ivala je na Klinici za ko\u017ene i spolne bolesti Klini\u010dkog bolni\u010dkog centra Sestre Milosrdnice te&hellip;","_links":{"self":[{"href":"https:\/\/dermaduktaj.hr\/index.php\/wp-json\/wp\/v2\/pages\/4846","targetHints":{"allow":["GET"]}}],"collection":[{"href":"https:\/\/dermaduktaj.hr\/index.php\/wp-json\/wp\/v2\/pages"}],"about":[{"href":"https:\/\/dermaduktaj.hr\/index.php\/wp-json\/wp\/v2\/types\/page"}],"author":[{"embeddable":true,"href":"https:\/\/dermaduktaj.hr\/index.php\/wp-json\/wp\/v2\/users\/1"}],"replies":[{"embeddable":true,"href":"https:\/\/dermaduktaj.hr\/index.php\/wp-json\/wp\/v2\/comments?post=4846"}],"version-history":[{"count":33,"href":"https:\/\/dermaduktaj.hr\/index.php\/wp-json\/wp\/v2\/pages\/4846\/revisions"}],"predecessor-version":[{"id":10054,"href":"https:\/\/dermaduktaj.hr\/index.php\/wp-json\/wp\/v2\/pages\/4846\/revisions\/10054"}],"wp:attachment":[{"href":"https:\/\/dermaduktaj.hr\/index.php\/wp-json\/wp\/v2\/media?parent=4846"}],"curies":[{"name":"wp","href":"https:\/\/api.w.org\/{rel}","templated":true}]}}