{"id":9969,"date":"2025-03-13T18:50:24","date_gmt":"2025-03-13T17:50:24","guid":{"rendered":"https:\/\/dermaduktaj.hr\/?page_id=9969"},"modified":"2025-03-20T22:32:32","modified_gmt":"2025-03-20T21:32:32","slug":"politika-privatnosti","status":"publish","type":"page","link":"https:\/\/dermaduktaj.hr\/index.php\/politika-privatnosti\/","title":{"rendered":"Politika privatnosti"},"content":{"rendered":"\n<p>Politika privatnost a\u017eurirana je 08.01.2025.<\/p>\n\n\n\n<p><\/p>\n\n\n\n<p>Specijalisti\u010dka ordinacija za dermatologiju i venerologiju Sandra Stani\u0107 Duktaj, spec. dermatologije i venerologije, Zabok, Dubrava Zabo\u010dka 90b, OIB: 00919051071 vlasnik je web stranice dermaduktaj.hr te odgovorno brine o va\u0161oj privatnosti i za\u0161titi va\u0161ih osobnih podataka koje dostavljate kada koristite navedenu web stranicu. U daljnjem tekstu pro\u010ditajte na\u0161a pravila privatnosti kako biste bili informirani o podacima koje sakupljamo, na koji na\u010din ih sakupljamo, u koju svrhu te kako obra\u0111ujemo va\u0161e osobne podatke. Va\u0161i osobni podaci za\u0161ti\u0107eni su na\u0161im informati\u010dkim sustavom kako bi bili sigurni od neovla\u0161tenog pristupa, izmjene, \u0161irenja, gubitka i neovla\u0161tenog brisanja.<\/p>\n\n\n\n<p><\/p>\n\n\n\n<p><strong>\u0160to je osobni podatak:<\/strong><\/p>\n\n\n\n<p>Osobnim podatkom smatra se svaka informacija kojom se mo\u017ee utvrditi identitet korisnika. Prikupljamo sljede\u0107e podatke: ime i prezime, datum ro\u0111enja, e-mail adresa, telefonski broj te po potrebi naziv tvrtke, adresu i OIB<\/p>\n\n\n\n<p><\/p>\n\n\n\n<p><strong>Voditelj obrade osobnih podataka<\/strong><\/p>\n\n\n\n<p>Za obradu osobnih podataka sukladno Op\u0107oj uredbi o za\u0161titi podataka (GDPR) i drugim propisima o za\u0161titi podataka koji se primjenjuju u dr\u017eavama \u010dlanicama Europske unije, zadu\u017eena je Sandra Stani\u0107 Duktaj,\u00a0ordinacija@dermaduktaj.hr<\/p>\n\n\n\n<p><\/p>\n\n\n\n<p><strong>Kako i koje podatke prikupljamo:<\/strong><\/p>\n\n\n\n<p>Za pregled na\u0161e web stranice nije potrebno ostavljanje nikakvih osobnih podataka. Va\u0161e osobne podatke prikupljamo kada nas:<\/p>\n\n\n\n<ul class=\"wp-block-list\">\n<li>kontaktirate putem kontakt obrasca<\/li>\n\n\n\n<li>kontaktirate putem email adrese<\/li>\n\n\n\n<li>kontaktirate telefonskim pozivom<\/li>\n<\/ul>\n\n\n\n<p><\/p>\n\n\n\n<p><strong>Na\u010dela privatnosti:<\/strong><\/p>\n\n\n\n<ul class=\"wp-block-list\">\n<li>Ne prikupljamo vi\u0161e podataka nego \u0161to je potrebno.<\/li>\n\n\n\n<li>Ne koristimo ih u svrhu za koje nisu navedene.<\/li>\n\n\n\n<li>Ne pohranjujemo ih ako vi\u0161e nisu potrebni.<\/li>\n\n\n\n<li>Ne prodajemo, ne posu\u0111ujemo, ne objavljujemo javno va\u0161e osobne podatke.<\/li>\n\n\n\n<li>Ne prenosimo ih u tre\u0107e zemlje.<\/li>\n\n\n\n<li>Brinemo da su va\u0161i podaci sigurno pohranjeni.<\/li>\n<\/ul>\n\n\n\n<p><\/p>\n\n\n\n<p><strong>Podaci koji se prikupljaju:<\/strong><\/p>\n\n\n\n<p>Kako bismo za\u0161titili va\u0161u privatnost, molimo vas da ostavljate samo podatke koji su nu\u017eni za daljnju komunikaciju. Slanjem poruke putem kontakt obrasca ili email adrese, osobni podaci koji \u0107e nam biti vidljivi su samo ime, email adresa i broj telefona za kontakt. Va\u0161e podatke koristit \u0107emo samo kako bismo odgovorili na va\u0161 upit te dogovorili termin.<\/p>\n\n\n\n<p>Obvezujemo se \u010duvati privatnost va\u0161ih osobnih podataka u skladu s Op\u0107om uredbom o za\u0161titi osobnih podataka (679\/2016) EU te drugim va\u017ee\u0107im nacionalnim primjenjivim propisima. Va\u0161e podatke ne dijelimo s tre\u0107im stranama, ne zloupotrebljavano niti ih prodajemo. Koristimo ih isklju\u010divo u one svrhe za koje je dana privola.<\/p>\n\n\n\n<p><\/p>\n\n\n\n<p><strong>Kola\u010di\u0107i<\/strong><\/p>\n\n\n\n<p>Kola\u010di\u0107i su male datoteke koje va\u0161 internetski preglednik sprema na ure\u0111aj prilikom posjete na\u0161oj web stranici. Na\u0161u web stranicu mo\u017eete koristiti bez prihva\u0107anja kola\u010di\u0107a. Na\u0161a obaveza je da zatra\u017eimo va\u0161 pristanak sukladno Op\u0107oj uredbi o za\u0161titi podataka \u2013 GDPR. Njihovim prihva\u0107anjem pru\u017eit \u0107emo vam bolje korisni\u010dko iskustvo.<\/p>\n\n\n\n<p>Prilikom prve posjete na\u0161oj web stranici poslat \u0107emo vam privremeni kola\u010di\u0107 koji slu\u017ei za utvr\u0111ivanje o prihva\u0107anju kola\u010di\u0107a putem preglednika. Taj kola\u010di\u0107 ne sadr\u017ei nikakve osobne podatke i automatski se bri\u0161e kada zatvorite preglednik.<\/p>\n\n\n\n<p>Odabirom kola\u010di\u0107a odabirete prihva\u0107anje spremanja va\u0161ih podataka za prijavu i va\u0161ih izbora prikaza na zaslonu. Ti kola\u010di\u0107i traju dva dana. Kola\u010di\u0107i s opcijama zaslona traju godinu dana. Ukoliko se u tom periodu odjavite sa svog korisni\u010dkog ra\u010duna, kola\u010di\u0107i za prijavu bit \u0107e automatski uklonjeni.<\/p>\n\n\n\n<p><\/p>\n\n\n\n<p><strong>Sadr\u017eaj i poveznice na druge web stranice<\/strong><\/p>\n\n\n\n<p>Na na\u0161oj web stranici nalaze se poveznice na druge web stranice. Odlaskom na njih napu\u0161tate na\u0161u web stranicu, te na\u0161a pravila privatnosti na njima ne vrijede. Te web stranice mogu prikupljati podatke o vama, koristiti kola\u010di\u0107e, ugraditi dodatno pra\u0107enje tre\u0107e strane i prati va\u0161u interakciju s tom web stranicom.<\/p>\n\n\n\n<p><\/p>\n\n\n\n<p><strong>Koja prava imate nad svojim podacima<\/strong><\/p>\n\n\n\n<p>Imate pravo na pristup, ispravak, brisanje, i ograni\u010denje obrade va\u0161ih osobnih podataka. Tako\u0111er imate pravo na prigovor na obradu i pravo na prenosivost podataka.<\/p>\n\n\n\n<p>Ako imate bilo kakvih dodatnih pitanja o prikupljanju, obradi i pohranjivanju osobnih podataka, kontaktirajte nas! <\/p>\n\n\n\n<p><\/p>\n\n\n\n<p><\/p>\n","protected":false},"excerpt":{"rendered":"<p>Politika privatnost a\u017eurirana je 08.01.2025. Specijalisti\u010dka ordinacija za dermatologiju i venerologiju Sandra Stani\u0107 Duktaj, spec. dermatologije i venerologije, Zabok, Dubrava Zabo\u010dka 90b, OIB: 00919051071 vlasnik je web stranice dermaduktaj.hr te odgovorno brine o va\u0161oj privatnosti i za\u0161titi va\u0161ih osobnih podataka koje dostavljate kada koristite navedenu web stranicu. U daljnjem tekstu pro\u010ditajte na\u0161a pravila privatnosti kako [&hellip;]<\/p>\n","protected":false},"author":1,"featured_media":0,"parent":0,"menu_order":0,"comment_status":"closed","ping_status":"closed","template":"","meta":{"footnotes":"[]"},"class_list":["post-9969","page","type-page","status-publish","hentry"],"yoast_head":"<!-- This site is optimized with the Yoast SEO plugin v27.4 - https:\/\/yoast.com\/product\/yoast-seo-wordpress\/ -->\n<title>Politika privatnosti - dermaduktaj.hr<\/title>\n<meta name=\"robots\" content=\"index, follow, max-snippet:-1, max-image-preview:large, max-video-preview:-1\" \/>\n<link rel=\"canonical\" href=\"https:\/\/dermaduktaj.hr\/index.php\/politika-privatnosti\/\" \/>\n<meta property=\"og:locale\" content=\"en_US\" \/>\n<meta property=\"og:type\" content=\"article\" \/>\n<meta property=\"og:title\" content=\"Politika privatnosti - dermaduktaj.hr\" \/>\n<meta property=\"og:description\" content=\"Politika privatnost a\u017eurirana je 08.01.2025. Specijalisti\u010dka ordinacija za dermatologiju i venerologiju Sandra Stani\u0107 Duktaj, spec. dermatologije i venerologije, Zabok, Dubrava Zabo\u010dka 90b, OIB: 00919051071 vlasnik je web stranice dermaduktaj.hr te odgovorno brine o va\u0161oj privatnosti i za\u0161titi va\u0161ih osobnih podataka koje dostavljate kada koristite navedenu web stranicu. U daljnjem tekstu pro\u010ditajte na\u0161a pravila privatnosti kako [&hellip;]\" \/>\n<meta property=\"og:url\" content=\"https:\/\/dermaduktaj.hr\/index.php\/politika-privatnosti\/\" \/>\n<meta property=\"og:site_name\" content=\"dermaduktaj.hr\" \/>\n<meta property=\"article:modified_time\" content=\"2025-03-20T21:32:32+00:00\" \/>\n<meta name=\"twitter:card\" content=\"summary_large_image\" \/>\n<meta name=\"twitter:label1\" content=\"Est. reading time\" \/>\n\t<meta name=\"twitter:data1\" content=\"3 minutes\" \/>\n<script type=\"application\/ld+json\" class=\"yoast-schema-graph\">{\"@context\":\"https:\\\/\\\/schema.org\",\"@graph\":[{\"@type\":\"WebPage\",\"@id\":\"https:\\\/\\\/dermaduktaj.hr\\\/index.php\\\/politika-privatnosti\\\/\",\"url\":\"https:\\\/\\\/dermaduktaj.hr\\\/index.php\\\/politika-privatnosti\\\/\",\"name\":\"Politika privatnosti - dermaduktaj.hr\",\"isPartOf\":{\"@id\":\"https:\\\/\\\/dermaduktaj.hr\\\/#website\"},\"datePublished\":\"2025-03-13T17:50:24+00:00\",\"dateModified\":\"2025-03-20T21:32:32+00:00\",\"breadcrumb\":{\"@id\":\"https:\\\/\\\/dermaduktaj.hr\\\/index.php\\\/politika-privatnosti\\\/#breadcrumb\"},\"inLanguage\":\"en-US\",\"potentialAction\":[{\"@type\":\"ReadAction\",\"target\":[\"https:\\\/\\\/dermaduktaj.hr\\\/index.php\\\/politika-privatnosti\\\/\"]}]},{\"@type\":\"BreadcrumbList\",\"@id\":\"https:\\\/\\\/dermaduktaj.hr\\\/index.php\\\/politika-privatnosti\\\/#breadcrumb\",\"itemListElement\":[{\"@type\":\"ListItem\",\"position\":1,\"name\":\"Home\",\"item\":\"https:\\\/\\\/dermaduktaj.hr\\\/\"},{\"@type\":\"ListItem\",\"position\":2,\"name\":\"Politika privatnosti\"}]},{\"@type\":\"WebSite\",\"@id\":\"https:\\\/\\\/dermaduktaj.hr\\\/#website\",\"url\":\"https:\\\/\\\/dermaduktaj.hr\\\/\",\"name\":\"dermaduktaj.hr\",\"description\":\"Specijalisti\u010dka ordinacija za dermatologiju i venerologiju\",\"publisher\":{\"@id\":\"https:\\\/\\\/dermaduktaj.hr\\\/#organization\"},\"potentialAction\":[{\"@type\":\"SearchAction\",\"target\":{\"@type\":\"EntryPoint\",\"urlTemplate\":\"https:\\\/\\\/dermaduktaj.hr\\\/?s={search_term_string}\"},\"query-input\":{\"@type\":\"PropertyValueSpecification\",\"valueRequired\":true,\"valueName\":\"search_term_string\"}}],\"inLanguage\":\"en-US\"},{\"@type\":\"Organization\",\"@id\":\"https:\\\/\\\/dermaduktaj.hr\\\/#organization\",\"name\":\"Specijalisti\u010dka ordinacija za dermatologiju i venerologiju Sandra Stani\u0107 Duktaj\",\"url\":\"https:\\\/\\\/dermaduktaj.hr\\\/\",\"logo\":{\"@type\":\"ImageObject\",\"inLanguage\":\"en-US\",\"@id\":\"https:\\\/\\\/dermaduktaj.hr\\\/#\\\/schema\\\/logo\\\/image\\\/\",\"url\":\"https:\\\/\\\/dermaduktaj.hr\\\/wp-content\\\/uploads\\\/2024\\\/08\\\/monogram_tamni_500x500.png\",\"contentUrl\":\"https:\\\/\\\/dermaduktaj.hr\\\/wp-content\\\/uploads\\\/2024\\\/08\\\/monogram_tamni_500x500.png\",\"width\":500,\"height\":437,\"caption\":\"Specijalisti\u010dka ordinacija za dermatologiju i venerologiju Sandra Stani\u0107 Duktaj\"},\"image\":{\"@id\":\"https:\\\/\\\/dermaduktaj.hr\\\/#\\\/schema\\\/logo\\\/image\\\/\"}}]}<\/script>\n<!-- \/ Yoast SEO plugin. -->","yoast_head_json":{"title":"Politika privatnosti - dermaduktaj.hr","robots":{"index":"index","follow":"follow","max-snippet":"max-snippet:-1","max-image-preview":"max-image-preview:large","max-video-preview":"max-video-preview:-1"},"canonical":"https:\/\/dermaduktaj.hr\/index.php\/politika-privatnosti\/","og_locale":"en_US","og_type":"article","og_title":"Politika privatnosti - dermaduktaj.hr","og_description":"Politika privatnost a\u017eurirana je 08.01.2025. Specijalisti\u010dka ordinacija za dermatologiju i venerologiju Sandra Stani\u0107 Duktaj, spec. dermatologije i venerologije, Zabok, Dubrava Zabo\u010dka 90b, OIB: 00919051071 vlasnik je web stranice dermaduktaj.hr te odgovorno brine o va\u0161oj privatnosti i za\u0161titi va\u0161ih osobnih podataka koje dostavljate kada koristite navedenu web stranicu. U daljnjem tekstu pro\u010ditajte na\u0161a pravila privatnosti kako [&hellip;]","og_url":"https:\/\/dermaduktaj.hr\/index.php\/politika-privatnosti\/","og_site_name":"dermaduktaj.hr","article_modified_time":"2025-03-20T21:32:32+00:00","twitter_card":"summary_large_image","twitter_misc":{"Est. reading time":"3 minutes"},"schema":{"@context":"https:\/\/schema.org","@graph":[{"@type":"WebPage","@id":"https:\/\/dermaduktaj.hr\/index.php\/politika-privatnosti\/","url":"https:\/\/dermaduktaj.hr\/index.php\/politika-privatnosti\/","name":"Politika privatnosti - dermaduktaj.hr","isPartOf":{"@id":"https:\/\/dermaduktaj.hr\/#website"},"datePublished":"2025-03-13T17:50:24+00:00","dateModified":"2025-03-20T21:32:32+00:00","breadcrumb":{"@id":"https:\/\/dermaduktaj.hr\/index.php\/politika-privatnosti\/#breadcrumb"},"inLanguage":"en-US","potentialAction":[{"@type":"ReadAction","target":["https:\/\/dermaduktaj.hr\/index.php\/politika-privatnosti\/"]}]},{"@type":"BreadcrumbList","@id":"https:\/\/dermaduktaj.hr\/index.php\/politika-privatnosti\/#breadcrumb","itemListElement":[{"@type":"ListItem","position":1,"name":"Home","item":"https:\/\/dermaduktaj.hr\/"},{"@type":"ListItem","position":2,"name":"Politika privatnosti"}]},{"@type":"WebSite","@id":"https:\/\/dermaduktaj.hr\/#website","url":"https:\/\/dermaduktaj.hr\/","name":"dermaduktaj.hr","description":"Specijalisti\u010dka ordinacija za dermatologiju i venerologiju","publisher":{"@id":"https:\/\/dermaduktaj.hr\/#organization"},"potentialAction":[{"@type":"SearchAction","target":{"@type":"EntryPoint","urlTemplate":"https:\/\/dermaduktaj.hr\/?s={search_term_string}"},"query-input":{"@type":"PropertyValueSpecification","valueRequired":true,"valueName":"search_term_string"}}],"inLanguage":"en-US"},{"@type":"Organization","@id":"https:\/\/dermaduktaj.hr\/#organization","name":"Specijalisti\u010dka ordinacija za dermatologiju i venerologiju Sandra Stani\u0107 Duktaj","url":"https:\/\/dermaduktaj.hr\/","logo":{"@type":"ImageObject","inLanguage":"en-US","@id":"https:\/\/dermaduktaj.hr\/#\/schema\/logo\/image\/","url":"https:\/\/dermaduktaj.hr\/wp-content\/uploads\/2024\/08\/monogram_tamni_500x500.png","contentUrl":"https:\/\/dermaduktaj.hr\/wp-content\/uploads\/2024\/08\/monogram_tamni_500x500.png","width":500,"height":437,"caption":"Specijalisti\u010dka ordinacija za dermatologiju i venerologiju Sandra Stani\u0107 Duktaj"},"image":{"@id":"https:\/\/dermaduktaj.hr\/#\/schema\/logo\/image\/"}}]}},"rttpg_featured_image_url":null,"rttpg_author":{"display_name":"Sandra Stani\u0107 Duktaj","author_link":"https:\/\/dermaduktaj.hr\/index.php\/author\/ssduktajgmail-com\/"},"rttpg_comment":0,"rttpg_category":null,"rttpg_excerpt":"Politika privatnost a\u017eurirana je 08.01.2025. Specijalisti\u010dka ordinacija za dermatologiju i venerologiju Sandra Stani\u0107 Duktaj, spec. dermatologije i venerologije, Zabok, Dubrava Zabo\u010dka 90b, OIB: 00919051071 vlasnik je web stranice dermaduktaj.hr te odgovorno brine o va\u0161oj privatnosti i za\u0161titi va\u0161ih osobnih podataka koje dostavljate kada koristite navedenu web stranicu. U daljnjem tekstu pro\u010ditajte na\u0161a pravila privatnosti kako&hellip;","_links":{"self":[{"href":"https:\/\/dermaduktaj.hr\/index.php\/wp-json\/wp\/v2\/pages\/9969","targetHints":{"allow":["GET"]}}],"collection":[{"href":"https:\/\/dermaduktaj.hr\/index.php\/wp-json\/wp\/v2\/pages"}],"about":[{"href":"https:\/\/dermaduktaj.hr\/index.php\/wp-json\/wp\/v2\/types\/page"}],"author":[{"embeddable":true,"href":"https:\/\/dermaduktaj.hr\/index.php\/wp-json\/wp\/v2\/users\/1"}],"replies":[{"embeddable":true,"href":"https:\/\/dermaduktaj.hr\/index.php\/wp-json\/wp\/v2\/comments?post=9969"}],"version-history":[{"count":5,"href":"https:\/\/dermaduktaj.hr\/index.php\/wp-json\/wp\/v2\/pages\/9969\/revisions"}],"predecessor-version":[{"id":9974,"href":"https:\/\/dermaduktaj.hr\/index.php\/wp-json\/wp\/v2\/pages\/9969\/revisions\/9974"}],"wp:attachment":[{"href":"https:\/\/dermaduktaj.hr\/index.php\/wp-json\/wp\/v2\/media?parent=9969"}],"curies":[{"name":"wp","href":"https:\/\/api.w.org\/{rel}","templated":true}]}}